{"id":1751,"date":"2025-06-16T20:45:10","date_gmt":"2025-06-16T20:45:10","guid":{"rendered":"https:\/\/speedybaits.sk\/produkt\/zarazky-na-pelety-zelene\/"},"modified":"2025-08-23T21:10:18","modified_gmt":"2025-08-23T21:10:18","slug":"zarazky-na-pelety-zelene","status":"publish","type":"product","link":"https:\/\/speedybaits.sk\/cs\/produkt\/zarazky-na-pelety-zelene\/","title":{"rendered":"Zar\u00e1\u017eky na pelety \u2013 zelen\u00e9"},"content":{"rendered":"<p class=\"\" data-start=\"42\" data-end=\"172\"><strong data-start=\"42\" data-end=\"172\" style=\"font-weight: 700\">Zar\u00e1\u017eky na pelety ur\u010den\u00e9 predov\u0161etk\u00fdm na fix\u00e1ciu peliet. Ide\u00e1lne vhodn\u00e9 aj na zafixovanie boilies a in\u00fdch kapr\u00e1rskych n\u00e1strah.<\/strong><\/p>\n<p class=\"\" data-start=\"174\" data-end=\"216\"><strong data-start=\"174\" data-end=\"184\" style=\"font-weight: 700\">Farba:<\/strong><span class=\"Apple-converted-space\">&nbsp;<\/span>hned\u00e9<br \/>\n<strong data-start=\"198\" data-end=\"211\" style=\"font-weight: 700\">Mno\u017estvo:<\/strong><span class=\"Apple-converted-space\">&nbsp;<\/span>1 ks<\/p>","protected":false},"excerpt":{"rendered":"<p class=\"\" data-start=\"42\" data-end=\"172\"><strong data-start=\"42\" data-end=\"172\" style=\"font-weight: 700\">Zar\u00e1\u017eky na pelety ur\u010den\u00e9 predov\u0161etk\u00fdm na fix\u00e1ciu peliet. Ide\u00e1lne vhodn\u00e9 aj na zafixovanie boilies a in\u00fdch kapr\u00e1rskych n\u00e1strah.<\/strong><\/p>\n<p class=\"\" data-start=\"174\" data-end=\"216\"><strong data-start=\"174\" data-end=\"184\" style=\"font-weight: 700\">Farba:<\/strong><span class=\"Apple-converted-space\">&nbsp;<\/span>hned\u00e9<br \/>\n<strong data-start=\"198\" data-end=\"211\" style=\"font-weight: 700\">Mno\u017estvo:<\/strong><span class=\"Apple-converted-space\">&nbsp;<\/span>1 ks<\/p>","protected":false},"featured_media":1750,"template":"","meta":{"advanced_seo_description":"","jetpack_seo_html_title":"","jetpack_seo_noindex":false},"product_brand":[],"product_cat":[79],"product_tag":[],"class_list":{"0":"post-1751","1":"product","2":"type-product","3":"status-publish","4":"has-post-thumbnail","6":"product_cat-zarazky","8":"first","9":"instock","10":"taxable","11":"shipping-taxable","12":"purchasable","13":"product-type-simple"},"jetpack_sharing_enabled":true,"_links":{"self":[{"href":"https:\/\/speedybaits.sk\/cs\/wp-json\/wp\/v2\/product\/1751","targetHints":{"allow":["GET"]}}],"collection":[{"href":"https:\/\/speedybaits.sk\/cs\/wp-json\/wp\/v2\/product"}],"about":[{"href":"https:\/\/speedybaits.sk\/cs\/wp-json\/wp\/v2\/types\/product"}],"version-history":[{"count":0,"href":"https:\/\/speedybaits.sk\/cs\/wp-json\/wp\/v2\/product\/1751\/revisions"}],"wp:featuredmedia":[{"embeddable":true,"href":"https:\/\/speedybaits.sk\/cs\/wp-json\/wp\/v2\/media\/1750"}],"wp:attachment":[{"href":"https:\/\/speedybaits.sk\/cs\/wp-json\/wp\/v2\/media?parent=1751"}],"wp:term":[{"taxonomy":"product_brand","embeddable":true,"href":"https:\/\/speedybaits.sk\/cs\/wp-json\/wp\/v2\/product_brand?post=1751"},{"taxonomy":"product_cat","embeddable":true,"href":"https:\/\/speedybaits.sk\/cs\/wp-json\/wp\/v2\/product_cat?post=1751"},{"taxonomy":"product_tag","embeddable":true,"href":"https:\/\/speedybaits.sk\/cs\/wp-json\/wp\/v2\/product_tag?post=1751"}],"curies":[{"name":"wp","href":"https:\/\/api.w.org\/{rel}","templated":true}]}}