{"id":1731,"date":"2025-06-16T20:30:22","date_gmt":"2025-06-16T20:30:22","guid":{"rendered":"https:\/\/speedybaits.sk\/produkt\/zmrstovacia-hadicka-zelena-2-0mm\/"},"modified":"2025-08-23T21:10:34","modified_gmt":"2025-08-23T21:10:34","slug":"zmrstovacia-hadicka-zelena-2-0mm","status":"publish","type":"product","link":"https:\/\/speedybaits.sk\/cs\/produkt\/zmrstovacia-hadicka-zelena-2-0mm\/","title":{"rendered":"Zmr\u0161\u0165ovacia hadi\u010dka \u2013 zelen\u00e1 2.0mm"},"content":{"rendered":"<div class=\"description woocommerce-product-details__short-description\" style=\"margin-bottom: 1em\">\n<p class=\"\" data-start=\"42\" data-end=\"459\" style=\"margin: 0px 0px 1.25rem;font-size: 16px !important;line-height: 1.6875;letter-spacing: -0.015em\">Zmr\u0161\u0165ovacia hadi\u010dka sa pou\u017e\u00edva predov\u0161etk\u00fdm pri kapr\u00e1rskych mont\u00e1\u017each. Jej vhodn\u00fd tvar funguje ako nadstavec na h\u00e1\u010dik, \u010d\u00edm v\u00fdrazne zlep\u0161uje funkciu mont\u00e1\u017ee, zvy\u0161uje \u00faspe\u0161nos\u0165 z\u00e1seku a z\u00e1rove\u0148 zabra\u0148uje rybe vyp\u013eu\u0165 n\u00e1strahu. Naj\u010dastej\u0161ie sa pou\u017e\u00edva pri mont\u00e1\u017each typu Sliding Rig alebo Line-Aligner. V\u00fdborne posl\u00fa\u017ei aj ako ochrana uzla \u2013 sta\u010d\u00ed ju prevliec\u0165 cez uzol a zahria\u0165 nad parou alebo oh\u0148om, aby sa stiahla.<\/p>\n<p class=\"\" data-start=\"461\" data-end=\"521\" style=\"margin: 0px;font-size: 16px !important;line-height: 1.6875;letter-spacing: -0.015em\">Ve\u013ekos\u0165: 2,0 mm<br \/>\nFarba: zelen\u00e1<br \/>\nMno\u017estvo: 8 ks<\/p>\n<\/div>\n<div class=\"product_meta\" style=\"margin: 1.2143em 0px;clear: both;font-size: 0.8571em;font-weight: 600;color: var(--porto-heading-color)\">\n<\/div>","protected":false},"excerpt":{"rendered":"<div class=\"description woocommerce-product-details__short-description\" style=\"margin-bottom: 1em\">\n<p class=\"\" data-start=\"42\" data-end=\"459\" style=\"margin: 0px 0px 1.25rem;font-size: 16px !important;line-height: 1.6875;letter-spacing: -0.015em\">Zmr\u0161\u0165ovacia hadi\u010dka sa pou\u017e\u00edva predov\u0161etk\u00fdm pri kapr\u00e1rskych mont\u00e1\u017each. Jej vhodn\u00fd tvar funguje ako nadstavec na h\u00e1\u010dik, \u010d\u00edm v\u00fdrazne zlep\u0161uje funkciu mont\u00e1\u017ee, zvy\u0161uje \u00faspe\u0161nos\u0165 z\u00e1seku a z\u00e1rove\u0148 zabra\u0148uje rybe vyp\u013eu\u0165 n\u00e1strahu. Naj\u010dastej\u0161ie sa pou\u017e\u00edva pri mont\u00e1\u017each typu Sliding Rig alebo Line-Aligner. V\u00fdborne posl\u00fa\u017ei aj ako ochrana uzla \u2013 sta\u010d\u00ed ju prevliec\u0165 cez uzol a zahria\u0165 nad parou alebo oh\u0148om, aby sa stiahla.<\/p>\n<p class=\"\" data-start=\"461\" data-end=\"521\" style=\"margin: 0px;font-size: 16px !important;line-height: 1.6875;letter-spacing: -0.015em\">Ve\u013ekos\u0165: 2,0 mm<br \/>\nFarba: zelen\u00e1<br \/>\nMno\u017estvo: 8 ks<\/p>\n<\/div>\n<div class=\"product_meta\" style=\"margin: 1.2143em 0px;clear: both;font-size: 0.8571em;font-weight: 600;color: var(--porto-heading-color)\">\n<\/div>","protected":false},"featured_media":1728,"template":"","meta":{"advanced_seo_description":"","jetpack_seo_html_title":"","jetpack_seo_noindex":false},"product_brand":[],"product_cat":[78],"product_tag":[],"class_list":{"0":"post-1731","1":"product","2":"type-product","3":"status-publish","4":"has-post-thumbnail","6":"product_cat-zmrstovacie-hadicky","8":"first","9":"instock","10":"taxable","11":"shipping-taxable","12":"purchasable","13":"product-type-simple"},"jetpack_sharing_enabled":true,"_links":{"self":[{"href":"https:\/\/speedybaits.sk\/cs\/wp-json\/wp\/v2\/product\/1731","targetHints":{"allow":["GET"]}}],"collection":[{"href":"https:\/\/speedybaits.sk\/cs\/wp-json\/wp\/v2\/product"}],"about":[{"href":"https:\/\/speedybaits.sk\/cs\/wp-json\/wp\/v2\/types\/product"}],"version-history":[{"count":0,"href":"https:\/\/speedybaits.sk\/cs\/wp-json\/wp\/v2\/product\/1731\/revisions"}],"wp:featuredmedia":[{"embeddable":true,"href":"https:\/\/speedybaits.sk\/cs\/wp-json\/wp\/v2\/media\/1728"}],"wp:attachment":[{"href":"https:\/\/speedybaits.sk\/cs\/wp-json\/wp\/v2\/media?parent=1731"}],"wp:term":[{"taxonomy":"product_brand","embeddable":true,"href":"https:\/\/speedybaits.sk\/cs\/wp-json\/wp\/v2\/product_brand?post=1731"},{"taxonomy":"product_cat","embeddable":true,"href":"https:\/\/speedybaits.sk\/cs\/wp-json\/wp\/v2\/product_cat?post=1731"},{"taxonomy":"product_tag","embeddable":true,"href":"https:\/\/speedybaits.sk\/cs\/wp-json\/wp\/v2\/product_tag?post=1731"}],"curies":[{"name":"wp","href":"https:\/\/api.w.org\/{rel}","templated":true}]}}