{"id":1725,"date":"2025-06-16T20:22:48","date_gmt":"2025-06-16T20:22:48","guid":{"rendered":"https:\/\/speedybaits.sk\/produkt\/ochrana-proti-zamotaniu-25mm-54mm\/"},"modified":"2025-08-23T21:10:37","modified_gmt":"2025-08-23T21:10:37","slug":"ochrana-proti-zamotaniu-25mm-54mm","status":"publish","type":"product","link":"https:\/\/speedybaits.sk\/cs\/produkt\/ochrana-proti-zamotaniu-25mm-54mm\/","title":{"rendered":"Ochrana proti zamotaniu 25mm -54mm"},"content":{"rendered":"<p class=\"\" data-start=\"0\" data-end=\"282\"><strong data-start=\"0\" data-end=\"28\" style=\"font-weight: 700\">Anti Tangle Sleeve Brown<\/strong><span class=\"Apple-converted-space\">&nbsp;<\/span>\u2013 Proti-zamot\u00e1vac\u00ed chr\u00e1ni\u010d zabra\u0148uje zamotaniu nadv\u00e4zcov a mont\u00e1\u017e\u00ed pri nahadzovan\u00ed na ve\u013ek\u00e9 vzdialenosti. M\u00f4\u017ee by\u0165 pou\u017eit\u00fd aj s in\u00fdmi kaprov\u00fdmi zostavami, ke\u010f\u017ee br\u00e1ni ich zamotaniu a z\u00e1rove\u0148 zlep\u0161uje prezent\u00e1ciu n\u00e1strahy t\u00fdm, \u017ee ju spr\u00e1vne ulo\u017e\u00ed na dno.<\/p>\n<p class=\"\" data-start=\"284\" data-end=\"355\"><strong data-start=\"284\" data-end=\"294\" style=\"font-weight: 700\">Farba:<\/strong><span class=\"Apple-converted-space\">&nbsp;<\/span>hned\u00e1<br \/>\n<strong data-start=\"303\" data-end=\"313\" style=\"font-weight: 700\">D\u013a\u017eka:<\/strong><span class=\"Apple-converted-space\">&nbsp;<\/span>54 mm<br \/>\n<strong data-start=\"334\" data-end=\"346\" style=\"font-weight: 700\">Balenie:<\/strong><span class=\"Apple-converted-space\">&nbsp;<\/span>10 kusov<\/p>","protected":false},"excerpt":{"rendered":"<p class=\"\" data-start=\"0\" data-end=\"282\"><strong data-start=\"0\" data-end=\"28\" style=\"font-weight: 700\">Anti Tangle Sleeve Brown<\/strong><span class=\"Apple-converted-space\">&nbsp;<\/span>\u2013 Proti-zamot\u00e1vac\u00ed chr\u00e1ni\u010d zabra\u0148uje zamotaniu nadv\u00e4zcov a mont\u00e1\u017e\u00ed pri nahadzovan\u00ed na ve\u013ek\u00e9 vzdialenosti. M\u00f4\u017ee by\u0165 pou\u017eit\u00fd aj s in\u00fdmi kaprov\u00fdmi zostavami, ke\u010f\u017ee br\u00e1ni ich zamotaniu a z\u00e1rove\u0148 zlep\u0161uje prezent\u00e1ciu n\u00e1strahy t\u00fdm, \u017ee ju spr\u00e1vne ulo\u017e\u00ed na dno.<\/p>\n<p class=\"\" data-start=\"284\" data-end=\"355\"><strong data-start=\"284\" data-end=\"294\" style=\"font-weight: 700\">Farba:<\/strong><span class=\"Apple-converted-space\">&nbsp;<\/span>hned\u00e1<br \/>\n<strong data-start=\"303\" data-end=\"313\" style=\"font-weight: 700\">D\u013a\u017eka:<\/strong><span class=\"Apple-converted-space\">&nbsp;<\/span>54 mm<br \/>\n<strong data-start=\"334\" data-end=\"346\" style=\"font-weight: 700\">Balenie:<\/strong><span class=\"Apple-converted-space\">&nbsp;<\/span>10 kusov<\/p>","protected":false},"featured_media":1723,"template":"","meta":{"advanced_seo_description":"","jetpack_seo_html_title":"","jetpack_seo_noindex":false},"product_brand":[],"product_cat":[77],"product_tag":[],"class_list":{"0":"post-1725","1":"product","2":"type-product","3":"status-publish","4":"has-post-thumbnail","6":"product_cat-prevleky-proti-zamotaniu","8":"first","9":"instock","10":"taxable","11":"shipping-taxable","12":"purchasable","13":"product-type-simple"},"jetpack_sharing_enabled":true,"_links":{"self":[{"href":"https:\/\/speedybaits.sk\/cs\/wp-json\/wp\/v2\/product\/1725","targetHints":{"allow":["GET"]}}],"collection":[{"href":"https:\/\/speedybaits.sk\/cs\/wp-json\/wp\/v2\/product"}],"about":[{"href":"https:\/\/speedybaits.sk\/cs\/wp-json\/wp\/v2\/types\/product"}],"version-history":[{"count":0,"href":"https:\/\/speedybaits.sk\/cs\/wp-json\/wp\/v2\/product\/1725\/revisions"}],"wp:featuredmedia":[{"embeddable":true,"href":"https:\/\/speedybaits.sk\/cs\/wp-json\/wp\/v2\/media\/1723"}],"wp:attachment":[{"href":"https:\/\/speedybaits.sk\/cs\/wp-json\/wp\/v2\/media?parent=1725"}],"wp:term":[{"taxonomy":"product_brand","embeddable":true,"href":"https:\/\/speedybaits.sk\/cs\/wp-json\/wp\/v2\/product_brand?post=1725"},{"taxonomy":"product_cat","embeddable":true,"href":"https:\/\/speedybaits.sk\/cs\/wp-json\/wp\/v2\/product_cat?post=1725"},{"taxonomy":"product_tag","embeddable":true,"href":"https:\/\/speedybaits.sk\/cs\/wp-json\/wp\/v2\/product_tag?post=1725"}],"curies":[{"name":"wp","href":"https:\/\/api.w.org\/{rel}","templated":true}]}}