{"id":1721,"date":"2025-06-16T20:19:06","date_gmt":"2025-06-16T20:19:06","guid":{"rendered":"https:\/\/speedybaits.sk\/produkt\/ochrana-proti-zamotaniu-54mm\/"},"modified":"2025-08-23T21:10:40","modified_gmt":"2025-08-23T21:10:40","slug":"ochrana-proti-zamotaniu-54mm","status":"publish","type":"product","link":"https:\/\/speedybaits.sk\/cs\/produkt\/ochrana-proti-zamotaniu-54mm\/","title":{"rendered":"Ochrana proti zamotaniu-54mm"},"content":{"rendered":"<p class=\"\" data-start=\"0\" data-end=\"286\"><strong data-start=\"0\" data-end=\"28\" style=\"font-weight: 700\">Anti Tangle Sleeve Green<\/strong><span class=\"Apple-converted-space\">&nbsp;<\/span>\u2013 Proti-zamot\u00e1vac\u00ed chr\u00e1ni\u010d zabra\u0148uje zamotaniu nadv\u00e4zcov a mont\u00e1\u017e\u00ed pri nahadzovan\u00ed na ve\u013ek\u00e9 vzdialenosti. M\u00f4\u017ee by\u0165 pou\u017eit\u00fd aj s in\u00fdmi kaprov\u00fdmi zostavami, ke\u010f\u017ee \u00fa\u010dinne zabra\u0148uje ich zamotaniu a z\u00e1rove\u0148 zlep\u0161uje prezent\u00e1ciu n\u00e1strahy spr\u00e1vnym usaden\u00edm na dne.<\/p>\n<p class=\"\" data-start=\"288\" data-end=\"360\"><strong data-start=\"288\" data-end=\"298\" style=\"font-weight: 700\">Farba:<\/strong><span class=\"Apple-converted-space\">&nbsp;<\/span>zelen\u00e1<br \/>\n<strong data-start=\"308\" data-end=\"318\" style=\"font-weight: 700\">D\u013a\u017eka:<\/strong><span class=\"Apple-converted-space\">&nbsp;<\/span>54 mm<br \/>\n<strong data-start=\"339\" data-end=\"351\" style=\"font-weight: 700\">Balenie:<\/strong><span class=\"Apple-converted-space\">&nbsp;<\/span>10 kusov<\/p>","protected":false},"excerpt":{"rendered":"<p class=\"\" data-start=\"0\" data-end=\"286\"><strong data-start=\"0\" data-end=\"28\" style=\"font-weight: 700\">Anti Tangle Sleeve Green<\/strong><span class=\"Apple-converted-space\">&nbsp;<\/span>\u2013 Proti-zamot\u00e1vac\u00ed chr\u00e1ni\u010d zabra\u0148uje zamotaniu nadv\u00e4zcov a mont\u00e1\u017e\u00ed pri nahadzovan\u00ed na ve\u013ek\u00e9 vzdialenosti. M\u00f4\u017ee by\u0165 pou\u017eit\u00fd aj s in\u00fdmi kaprov\u00fdmi zostavami, ke\u010f\u017ee \u00fa\u010dinne zabra\u0148uje ich zamotaniu a z\u00e1rove\u0148 zlep\u0161uje prezent\u00e1ciu n\u00e1strahy spr\u00e1vnym usaden\u00edm na dne.<\/p>\n<p class=\"\" data-start=\"288\" data-end=\"360\"><strong data-start=\"288\" data-end=\"298\" style=\"font-weight: 700\">Farba:<\/strong><span class=\"Apple-converted-space\">&nbsp;<\/span>zelen\u00e1<br \/>\n<strong data-start=\"308\" data-end=\"318\" style=\"font-weight: 700\">D\u013a\u017eka:<\/strong><span class=\"Apple-converted-space\">&nbsp;<\/span>54 mm<br \/>\n<strong data-start=\"339\" data-end=\"351\" style=\"font-weight: 700\">Balenie:<\/strong><span class=\"Apple-converted-space\">&nbsp;<\/span>10 kusov<\/p>","protected":false},"featured_media":1719,"template":"","meta":{"advanced_seo_description":"","jetpack_seo_html_title":"","jetpack_seo_noindex":false},"product_brand":[],"product_cat":[77],"product_tag":[],"class_list":{"0":"post-1721","1":"product","2":"type-product","3":"status-publish","4":"has-post-thumbnail","6":"product_cat-prevleky-proti-zamotaniu","8":"first","9":"instock","10":"taxable","11":"shipping-taxable","12":"purchasable","13":"product-type-simple"},"jetpack_sharing_enabled":true,"_links":{"self":[{"href":"https:\/\/speedybaits.sk\/cs\/wp-json\/wp\/v2\/product\/1721","targetHints":{"allow":["GET"]}}],"collection":[{"href":"https:\/\/speedybaits.sk\/cs\/wp-json\/wp\/v2\/product"}],"about":[{"href":"https:\/\/speedybaits.sk\/cs\/wp-json\/wp\/v2\/types\/product"}],"version-history":[{"count":0,"href":"https:\/\/speedybaits.sk\/cs\/wp-json\/wp\/v2\/product\/1721\/revisions"}],"wp:featuredmedia":[{"embeddable":true,"href":"https:\/\/speedybaits.sk\/cs\/wp-json\/wp\/v2\/media\/1719"}],"wp:attachment":[{"href":"https:\/\/speedybaits.sk\/cs\/wp-json\/wp\/v2\/media?parent=1721"}],"wp:term":[{"taxonomy":"product_brand","embeddable":true,"href":"https:\/\/speedybaits.sk\/cs\/wp-json\/wp\/v2\/product_brand?post=1721"},{"taxonomy":"product_cat","embeddable":true,"href":"https:\/\/speedybaits.sk\/cs\/wp-json\/wp\/v2\/product_cat?post=1721"},{"taxonomy":"product_tag","embeddable":true,"href":"https:\/\/speedybaits.sk\/cs\/wp-json\/wp\/v2\/product_tag?post=1721"}],"curies":[{"name":"wp","href":"https:\/\/api.w.org\/{rel}","templated":true}]}}