{"id":1714,"date":"2025-06-16T20:13:25","date_gmt":"2025-06-16T20:13:25","guid":{"rendered":"https:\/\/speedybaits.sk\/produkt\/prevlek-proti-zamotaniu-zatazeny-40-mm\/"},"modified":"2025-08-23T21:10:46","modified_gmt":"2025-08-23T21:10:46","slug":"prevlek-proti-zamotaniu-zatazeny-40-mm","status":"publish","type":"product","link":"https:\/\/speedybaits.sk\/cs\/produkt\/prevlek-proti-zamotaniu-zatazeny-40-mm\/","title":{"rendered":"Prevlek Proti Zamotaniu za\u0165a\u017een\u00fd 40 mm"},"content":{"rendered":"<div class=\"description woocommerce-product-details__short-description\">\n<p class=\"\" data-start=\"0\" data-end=\"371\" style=\"margin: 0px 0px 19px\">Proti-zamot\u00e1vacia bu\u017e\u00edrka zabra\u0148uje zamotaniu nadv\u00e4zcov a mont\u00e1\u017e\u00ed po\u010das \u010falek\u00fdch hodov. M\u00f4\u017ee by\u0165 pou\u017eit\u00e1 aj s in\u00fdmi kaprov\u00fdmi mont\u00e1\u017eami, preto\u017ee efekt\u00edvne zni\u017euje riziko zamotania a z\u00e1rove\u0148 \u2013 v\u010faka svojmu spr\u00e1vnemu usadeniu na dne \u2013 v\u00fdrazne zlep\u0161uje prezent\u00e1ciu n\u00e1strahy.<br \/>\nJe vyroben\u00e1 z \u0165a\u017ek\u00e9ho materi\u00e1lu, \u010do zaru\u010duje, \u017ee nadv\u00e4zec bude dokonale prilieha\u0165 ku dnu loviska.<\/p>\n<p class=\"\" data-start=\"373\" data-end=\"412\" style=\"margin: 0px 0px 19px\"><strong data-start=\"373\" data-end=\"385\" style=\"font-weight: 700\">Balenie:<\/strong><span class=\"Apple-converted-space\">&nbsp;<\/span>8 kusov<br \/>\n<strong data-start=\"396\" data-end=\"406\" style=\"font-weight: 700\">D\u013a\u017eka:<\/strong><span class=\"Apple-converted-space\">&nbsp;<\/span>40 mm<\/p>\n<\/div>","protected":false},"excerpt":{"rendered":"<div class=\"description woocommerce-product-details__short-description\">\n<p class=\"\" data-start=\"0\" data-end=\"371\" style=\"margin: 0px 0px 19px\">Proti-zamot\u00e1vacia bu\u017e\u00edrka zabra\u0148uje zamotaniu nadv\u00e4zcov a mont\u00e1\u017e\u00ed po\u010das \u010falek\u00fdch hodov. M\u00f4\u017ee by\u0165 pou\u017eit\u00e1 aj s in\u00fdmi kaprov\u00fdmi mont\u00e1\u017eami, preto\u017ee efekt\u00edvne zni\u017euje riziko zamotania a z\u00e1rove\u0148 \u2013 v\u010faka svojmu spr\u00e1vnemu usadeniu na dne \u2013 v\u00fdrazne zlep\u0161uje prezent\u00e1ciu n\u00e1strahy.<br \/>\nJe vyroben\u00e1 z \u0165a\u017ek\u00e9ho materi\u00e1lu, \u010do zaru\u010duje, \u017ee nadv\u00e4zec bude dokonale prilieha\u0165 ku dnu loviska.<\/p>\n<p class=\"\" data-start=\"373\" data-end=\"412\" style=\"margin: 0px 0px 19px\"><strong data-start=\"373\" data-end=\"385\" style=\"font-weight: 700\">Balenie:<\/strong><span class=\"Apple-converted-space\">&nbsp;<\/span>8 kusov<br \/>\n<strong data-start=\"396\" data-end=\"406\" style=\"font-weight: 700\">D\u013a\u017eka:<\/strong><span class=\"Apple-converted-space\">&nbsp;<\/span>40 mm<\/p>\n<\/div>","protected":false},"featured_media":1712,"template":"","meta":{"advanced_seo_description":"","jetpack_seo_html_title":"","jetpack_seo_noindex":false},"product_brand":[],"product_cat":[77],"product_tag":[],"class_list":{"0":"post-1714","1":"product","2":"type-product","3":"status-publish","4":"has-post-thumbnail","6":"product_cat-prevleky-proti-zamotaniu","8":"first","9":"instock","10":"taxable","11":"shipping-taxable","12":"purchasable","13":"product-type-simple"},"jetpack_sharing_enabled":true,"_links":{"self":[{"href":"https:\/\/speedybaits.sk\/cs\/wp-json\/wp\/v2\/product\/1714","targetHints":{"allow":["GET"]}}],"collection":[{"href":"https:\/\/speedybaits.sk\/cs\/wp-json\/wp\/v2\/product"}],"about":[{"href":"https:\/\/speedybaits.sk\/cs\/wp-json\/wp\/v2\/types\/product"}],"version-history":[{"count":0,"href":"https:\/\/speedybaits.sk\/cs\/wp-json\/wp\/v2\/product\/1714\/revisions"}],"wp:featuredmedia":[{"embeddable":true,"href":"https:\/\/speedybaits.sk\/cs\/wp-json\/wp\/v2\/media\/1712"}],"wp:attachment":[{"href":"https:\/\/speedybaits.sk\/cs\/wp-json\/wp\/v2\/media?parent=1714"}],"wp:term":[{"taxonomy":"product_brand","embeddable":true,"href":"https:\/\/speedybaits.sk\/cs\/wp-json\/wp\/v2\/product_brand?post=1714"},{"taxonomy":"product_cat","embeddable":true,"href":"https:\/\/speedybaits.sk\/cs\/wp-json\/wp\/v2\/product_cat?post=1714"},{"taxonomy":"product_tag","embeddable":true,"href":"https:\/\/speedybaits.sk\/cs\/wp-json\/wp\/v2\/product_tag?post=1714"}],"curies":[{"name":"wp","href":"https:\/\/api.w.org\/{rel}","templated":true}]}}