{"id":1704,"date":"2025-06-16T19:11:32","date_gmt":"2025-06-16T19:11:32","guid":{"rendered":"https:\/\/speedybaits.sk\/produkt\/rovnatko-na-hacik-chrobak-cierna\/"},"modified":"2025-08-23T21:10:49","modified_gmt":"2025-08-23T21:10:49","slug":"rovnatko-na-hacik-chrobak-cierna","status":"publish","type":"product","link":"https:\/\/speedybaits.sk\/cs\/produkt\/rovnatko-na-hacik-chrobak-cierna\/","title":{"rendered":"Rovn\u00e1tko na h\u00e1\u010dik chrob\u00e1k \u010dierna"},"content":{"rendered":"<p>Polohova\u010d h\u00e1\u010dika je nevyhnutnou s\u00fa\u010das\u0165ou nadv\u00e4zca na kapry. Jeho \u0161peci\u00e1lny tvar v\u00fdrazne zlep\u0161uje \u00fa\u010dinnos\u0165 nadv\u00e4zca. Jeho \u00falohou je v momente trhnutia oto\u010di\u0165 h\u00e1\u010dik \u0161pi\u010dkou nadol tak, aby sa ryba zasekla do spodnej pery. Polohova\u010d v tvare \u010derv\u00edka pripom\u00edna ryb\u00e1m ich prirodzen\u00fa potravu, tak\u017ee na dne dokonale maskuje.<\/p>\n<p>Mno\u017estvo:&nbsp;&nbsp;10 ks<\/p>\n<p>Vhodn\u00e9 pre ve\u013ekos\u0165 h\u00e1\u010dikov: 2-8<\/p>","protected":false},"excerpt":{"rendered":"<p>Polohova\u010d h\u00e1\u010dika je nevyhnutnou s\u00fa\u010das\u0165ou nadv\u00e4zca na kapry. Jeho \u0161peci\u00e1lny tvar v\u00fdrazne zlep\u0161uje \u00fa\u010dinnos\u0165 nadv\u00e4zca. Jeho \u00falohou je v momente trhnutia oto\u010di\u0165 h\u00e1\u010dik \u0161pi\u010dkou nadol tak, aby sa ryba zasekla do spodnej pery. Polohova\u010d v tvare \u010derv\u00edka pripom\u00edna ryb\u00e1m ich prirodzen\u00fa potravu, tak\u017ee na dne dokonale maskuje.<\/p>\n<p>Mno\u017estvo:&nbsp;&nbsp;10 ks<\/p>\n<p>Vhodn\u00e9 pre ve\u013ekos\u0165 h\u00e1\u010dikov: 2-8<\/p>","protected":false},"featured_media":1702,"template":"","meta":{"advanced_seo_description":"","jetpack_seo_html_title":"","jetpack_seo_noindex":false},"product_brand":[],"product_cat":[76],"product_tag":[],"class_list":{"0":"post-1704","1":"product","2":"type-product","3":"status-publish","4":"has-post-thumbnail","6":"product_cat-rovnatka-na-hacik","8":"first","9":"instock","10":"taxable","11":"shipping-taxable","12":"purchasable","13":"product-type-simple"},"jetpack_sharing_enabled":true,"_links":{"self":[{"href":"https:\/\/speedybaits.sk\/cs\/wp-json\/wp\/v2\/product\/1704","targetHints":{"allow":["GET"]}}],"collection":[{"href":"https:\/\/speedybaits.sk\/cs\/wp-json\/wp\/v2\/product"}],"about":[{"href":"https:\/\/speedybaits.sk\/cs\/wp-json\/wp\/v2\/types\/product"}],"version-history":[{"count":0,"href":"https:\/\/speedybaits.sk\/cs\/wp-json\/wp\/v2\/product\/1704\/revisions"}],"wp:featuredmedia":[{"embeddable":true,"href":"https:\/\/speedybaits.sk\/cs\/wp-json\/wp\/v2\/media\/1702"}],"wp:attachment":[{"href":"https:\/\/speedybaits.sk\/cs\/wp-json\/wp\/v2\/media?parent=1704"}],"wp:term":[{"taxonomy":"product_brand","embeddable":true,"href":"https:\/\/speedybaits.sk\/cs\/wp-json\/wp\/v2\/product_brand?post=1704"},{"taxonomy":"product_cat","embeddable":true,"href":"https:\/\/speedybaits.sk\/cs\/wp-json\/wp\/v2\/product_cat?post=1704"},{"taxonomy":"product_tag","embeddable":true,"href":"https:\/\/speedybaits.sk\/cs\/wp-json\/wp\/v2\/product_tag?post=1704"}],"curies":[{"name":"wp","href":"https:\/\/api.w.org\/{rel}","templated":true}]}}