{"id":1625,"date":"2025-06-16T17:01:43","date_gmt":"2025-06-16T17:01:43","guid":{"rendered":"https:\/\/speedybaits.sk\/?post_type=product&#038;p=1625"},"modified":"2025-08-23T21:12:05","modified_gmt":"2025-08-23T21:12:05","slug":"1625","status":"publish","type":"product","link":"https:\/\/speedybaits.sk\/cs\/produkt\/1625\/","title":{"rendered":"H\u00e1\u010diky Curve Shank PRO"},"content":{"rendered":"<p class=\"\" data-start=\"0\" data-end=\"372\">Tvar h\u00e1\u010dika je navrhnut\u00fd tak, aby sa pri z\u00e1bere \u010do najr\u00fdchlej\u0161ie oto\u010dil a spo\u013eahlivo sa zapichol do spodnej pery ryby. Tento model h\u00e1\u010dika m\u00e1 \u0161irok\u00e9 vyu\u017eitie a je vhodn\u00fd pre v\u00e4\u010d\u0161inu nadv\u00e4zcov \u2013 od m\u00e4kk\u00fdch pleten\u00fdch \u0161n\u00far a\u017e po potiahnut\u00e9 \u0161n\u00fary a tuh\u0161ie materi\u00e1ly. Pro Hooks je s\u00e9ria japonsk\u00fdch h\u00e1\u010dikov vyroben\u00fdch z najkvalitnej\u0161\u00edch materi\u00e1lov, ide\u00e1lna pre modern\u00fa kapr\u00e1rinu.<\/p>\n<p class=\"\" data-start=\"374\" data-end=\"392\"><strong data-start=\"374\" data-end=\"392\" data-is-last-node=\"\" style=\"font-weight: 700\">Balenie: 10 ks<\/strong><\/p>","protected":false},"excerpt":{"rendered":"<p class=\"\" data-start=\"0\" data-end=\"372\">Tvar h\u00e1\u010dika je navrhnut\u00fd tak, aby sa pri z\u00e1bere \u010do najr\u00fdchlej\u0161ie oto\u010dil a spo\u013eahlivo sa zapichol do spodnej pery ryby. Tento model h\u00e1\u010dika m\u00e1 \u0161irok\u00e9 vyu\u017eitie a je vhodn\u00fd pre v\u00e4\u010d\u0161inu nadv\u00e4zcov \u2013 od m\u00e4kk\u00fdch pleten\u00fdch \u0161n\u00far a\u017e po potiahnut\u00e9 \u0161n\u00fary a tuh\u0161ie materi\u00e1ly. Pro Hooks je s\u00e9ria japonsk\u00fdch h\u00e1\u010dikov vyroben\u00fdch z najkvalitnej\u0161\u00edch materi\u00e1lov, ide\u00e1lna pre modern\u00fa kapr\u00e1rinu.<\/p>\n<p class=\"\" data-start=\"374\" data-end=\"392\"><strong data-start=\"374\" data-end=\"392\" data-is-last-node=\"\" style=\"font-weight: 700\">Balenie: 10 ks<\/strong><\/p>","protected":false},"featured_media":1627,"template":"","meta":{"advanced_seo_description":"","jetpack_seo_html_title":"","jetpack_seo_noindex":false},"product_brand":[],"product_cat":[69],"product_tag":[],"class_list":{"0":"post-1625","1":"product","2":"type-product","3":"status-publish","4":"has-post-thumbnail","6":"product_cat-haciky","8":"first","9":"instock","10":"taxable","11":"shipping-taxable","12":"purchasable","13":"product-type-variable"},"jetpack_sharing_enabled":true,"_links":{"self":[{"href":"https:\/\/speedybaits.sk\/cs\/wp-json\/wp\/v2\/product\/1625","targetHints":{"allow":["GET"]}}],"collection":[{"href":"https:\/\/speedybaits.sk\/cs\/wp-json\/wp\/v2\/product"}],"about":[{"href":"https:\/\/speedybaits.sk\/cs\/wp-json\/wp\/v2\/types\/product"}],"version-history":[{"count":0,"href":"https:\/\/speedybaits.sk\/cs\/wp-json\/wp\/v2\/product\/1625\/revisions"}],"wp:featuredmedia":[{"embeddable":true,"href":"https:\/\/speedybaits.sk\/cs\/wp-json\/wp\/v2\/media\/1627"}],"wp:attachment":[{"href":"https:\/\/speedybaits.sk\/cs\/wp-json\/wp\/v2\/media?parent=1625"}],"wp:term":[{"taxonomy":"product_brand","embeddable":true,"href":"https:\/\/speedybaits.sk\/cs\/wp-json\/wp\/v2\/product_brand?post=1625"},{"taxonomy":"product_cat","embeddable":true,"href":"https:\/\/speedybaits.sk\/cs\/wp-json\/wp\/v2\/product_cat?post=1625"},{"taxonomy":"product_tag","embeddable":true,"href":"https:\/\/speedybaits.sk\/cs\/wp-json\/wp\/v2\/product_tag?post=1625"}],"curies":[{"name":"wp","href":"https:\/\/api.w.org\/{rel}","templated":true}]}}