{"id":1582,"date":"2025-06-16T15:52:25","date_gmt":"2025-06-16T15:52:25","guid":{"rendered":"https:\/\/speedybaits.sk\/produkt\/katran-sokovy-vlasec-brutal-0-45mm-300m\/"},"modified":"2025-08-27T11:04:06","modified_gmt":"2025-08-27T11:04:06","slug":"katran-sokovy-vlasec-brutal-0-45mm-300m","status":"publish","type":"product","link":"https:\/\/speedybaits.sk\/cs\/produkt\/katran-sokovy-vlasec-brutal-0-45mm-300m\/","title":{"rendered":"KATRAN \u0160okov\u00fd vlasec Brutal 0.45mm, 300m"},"content":{"rendered":"<p>Tento mono \u0161okov\u00fd vlasec je \u0161peci\u00e1lne navrhnut\u00fd do \u0165a\u017ek\u00fdch ryb\u00e1rskych podmienok s&nbsp;mno\u017estvom n\u00e1strah, prek\u00e1\u017eok, podvodnej veget\u00e1cie a sk\u00e1l, mu\u0161l\u00ed na&nbsp;dne.<\/p>\n<p>Prieh\u013eadn\u00fd a pot\u00e1pav\u00fd kopolym\u00e9r s&nbsp;povrchovou \u00fapravou odolnou vo\u010di oderu. Prakticky nevidite\u013en\u00fd na akomko\u013evek type dna. M\u00e1 extr\u00e9mnu odolnos\u0165 proti po\u0161kodeniu, dokonca ak m\u00e1 po\u0165ah stopy po po\u0161kriaban\u00ed je schopn\u00fd pracova\u0165 pri vysokom za\u0165a\u017een\u00ed. M\u00e1 n\u00edzku prie\u0165a\u017enos\u0165, \u010do umo\u017e\u0148uje ryb\u00e1rovi kontrolova\u0165 rybu v&nbsp;priebehu&nbsp;hry.<\/p>\n<ul>\n<li>0,45, 0,50&nbsp;mm sa m\u00f4\u017ee pou\u017ei\u0165 ako hlavn\u00fd vlasec<\/li>\n<li>Antiabraz\u00edvny povlak s&nbsp;ochranou proti po\u0161kriabaniu<\/li>\n<li>Mimoriadne vysok\u00e1 pevnos\u0165 v&nbsp;uzle<\/li>\n<li>N\u00edzka prie\u0165a\u017enos\u0165<\/li>\n<li>Pot\u00e1pav\u00fd<\/li>\n<\/ul>","protected":false},"excerpt":{"rendered":"<p>Tento mono \u0161okov\u00fd vlasec je \u0161peci\u00e1lne navrhnut\u00fd do \u0165a\u017ek\u00fdch ryb\u00e1rskych podmienok s&nbsp;mno\u017estvom n\u00e1strah, prek\u00e1\u017eok, podvodnej veget\u00e1cie a sk\u00e1l, mu\u0161l\u00ed na&nbsp;dne.<\/p>\n<p>Prieh\u013eadn\u00fd a pot\u00e1pav\u00fd kopolym\u00e9r s&nbsp;povrchovou \u00fapravou odolnou vo\u010di oderu. Prakticky nevidite\u013en\u00fd na akomko\u013evek type dna. M\u00e1 extr\u00e9mnu odolnos\u0165 proti po\u0161kodeniu, dokonca ak m\u00e1 po\u0165ah stopy po po\u0161kriaban\u00ed je schopn\u00fd pracova\u0165 pri vysokom za\u0165a\u017een\u00ed. M\u00e1 n\u00edzku prie\u0165a\u017enos\u0165, \u010do umo\u017e\u0148uje ryb\u00e1rovi kontrolova\u0165 rybu v&nbsp;priebehu&nbsp;hry.<\/p>\n<ul>\n<li>0,45, 0,50&nbsp;mm sa m\u00f4\u017ee pou\u017ei\u0165 ako hlavn\u00fd vlasec<\/li>\n<li>Antiabraz\u00edvny povlak s&nbsp;ochranou proti po\u0161kriabaniu<\/li>\n<li>Mimoriadne vysok\u00e1 pevnos\u0165 v&nbsp;uzle<\/li>\n<li>N\u00edzka prie\u0165a\u017enos\u0165<\/li>\n<li>Pot\u00e1pav\u00fd<\/li>\n<\/ul>","protected":false},"featured_media":1580,"template":"","meta":{"advanced_seo_description":"","jetpack_seo_html_title":"","jetpack_seo_noindex":false},"product_brand":[],"product_cat":[68],"product_tag":[],"class_list":{"0":"post-1582","1":"product","2":"type-product","3":"status-publish","4":"has-post-thumbnail","6":"product_cat-sokove-vlascefluorocarbony","8":"first","9":"instock","10":"taxable","11":"shipping-taxable","12":"purchasable","13":"product-type-simple"},"jetpack_sharing_enabled":true,"_links":{"self":[{"href":"https:\/\/speedybaits.sk\/cs\/wp-json\/wp\/v2\/product\/1582","targetHints":{"allow":["GET"]}}],"collection":[{"href":"https:\/\/speedybaits.sk\/cs\/wp-json\/wp\/v2\/product"}],"about":[{"href":"https:\/\/speedybaits.sk\/cs\/wp-json\/wp\/v2\/types\/product"}],"version-history":[{"count":0,"href":"https:\/\/speedybaits.sk\/cs\/wp-json\/wp\/v2\/product\/1582\/revisions"}],"wp:featuredmedia":[{"embeddable":true,"href":"https:\/\/speedybaits.sk\/cs\/wp-json\/wp\/v2\/media\/1580"}],"wp:attachment":[{"href":"https:\/\/speedybaits.sk\/cs\/wp-json\/wp\/v2\/media?parent=1582"}],"wp:term":[{"taxonomy":"product_brand","embeddable":true,"href":"https:\/\/speedybaits.sk\/cs\/wp-json\/wp\/v2\/product_brand?post=1582"},{"taxonomy":"product_cat","embeddable":true,"href":"https:\/\/speedybaits.sk\/cs\/wp-json\/wp\/v2\/product_cat?post=1582"},{"taxonomy":"product_tag","embeddable":true,"href":"https:\/\/speedybaits.sk\/cs\/wp-json\/wp\/v2\/product_tag?post=1582"}],"curies":[{"name":"wp","href":"https:\/\/api.w.org\/{rel}","templated":true}]}}