{"id":1576,"date":"2025-06-16T15:49:47","date_gmt":"2025-06-16T15:49:47","guid":{"rendered":"https:\/\/speedybaits.sk\/produkt\/katran-fluorocarbon-fantom-0-23mm-30m-7-78lb\/"},"modified":"2025-08-23T21:12:15","modified_gmt":"2025-08-23T21:12:15","slug":"katran-fluorocarbon-fantom-0-23mm-30m-7-78lb","status":"publish","type":"product","link":"https:\/\/speedybaits.sk\/cs\/produkt\/katran-fluorocarbon-fantom-0-23mm-30m-7-78lb\/","title":{"rendered":"Fluorocarbon FANTOM 0.23mm\/30m\/7.78lb"},"content":{"rendered":"<p><span>Fantom je 100% fluorocarbon japonskej technol\u00f3gie. Vo vode je skuto\u010dne nevidite\u013en\u00fd v\u010faka indexu lomu svetla zhodn\u00fdm s&nbsp;vodou. Pot\u00e1pa sa 4&nbsp;n\u00e1sobne r\u00fdchlej\u0161ie ako be\u017en\u00e9 vlasce, m\u00e1 o&nbsp;78% v\u00fd\u0161\u0161iu hustotu ako voda. Vodu v\u00f4bec neaobsorbuje t.z.n, \u017ee vytvoren\u00fd uzol si udr\u017euje v&nbsp;akcii 100% pevnos\u0165. Vysok\u00e1 odolnos\u0165 vo\u010di oderu, n\u00edzka prie\u0165a\u017enos\u0165. Dokazuje v\u00fdborn\u00e9 v\u00fdsledky pri love ve\u013ek\u00fdch opatrn\u00fdch r\u00fdb. Vhodn\u00fd aj na lov drav\u00fdch&nbsp;r\u00fdb.<\/span><\/p>","protected":false},"excerpt":{"rendered":"<p><span>Fantom je 100% fluorocarbon japonskej technol\u00f3gie. Vo vode je skuto\u010dne nevidite\u013en\u00fd v\u010faka indexu lomu svetla zhodn\u00fdm s&nbsp;vodou. Pot\u00e1pa sa 4&nbsp;n\u00e1sobne r\u00fdchlej\u0161ie ako be\u017en\u00e9 vlasce, m\u00e1 o&nbsp;78% v\u00fd\u0161\u0161iu hustotu ako voda. Vodu v\u00f4bec neaobsorbuje t.z.n, \u017ee vytvoren\u00fd uzol si udr\u017euje v&nbsp;akcii 100% pevnos\u0165. Vysok\u00e1 odolnos\u0165 vo\u010di oderu, n\u00edzka prie\u0165a\u017enos\u0165. Dokazuje v\u00fdborn\u00e9 v\u00fdsledky pri love ve\u013ek\u00fdch opatrn\u00fdch r\u00fdb. Vhodn\u00fd aj na lov drav\u00fdch&nbsp;r\u00fdb.<\/span><\/p>","protected":false},"featured_media":1575,"template":"","meta":{"advanced_seo_description":"","jetpack_seo_html_title":"","jetpack_seo_noindex":false},"product_brand":[],"product_cat":[68],"product_tag":[],"class_list":{"0":"post-1576","1":"product","2":"type-product","3":"status-publish","4":"has-post-thumbnail","6":"product_cat-sokove-vlascefluorocarbony","8":"first","9":"instock","10":"taxable","11":"shipping-taxable","12":"purchasable","13":"product-type-simple"},"jetpack_sharing_enabled":true,"_links":{"self":[{"href":"https:\/\/speedybaits.sk\/cs\/wp-json\/wp\/v2\/product\/1576","targetHints":{"allow":["GET"]}}],"collection":[{"href":"https:\/\/speedybaits.sk\/cs\/wp-json\/wp\/v2\/product"}],"about":[{"href":"https:\/\/speedybaits.sk\/cs\/wp-json\/wp\/v2\/types\/product"}],"version-history":[{"count":0,"href":"https:\/\/speedybaits.sk\/cs\/wp-json\/wp\/v2\/product\/1576\/revisions"}],"wp:featuredmedia":[{"embeddable":true,"href":"https:\/\/speedybaits.sk\/cs\/wp-json\/wp\/v2\/media\/1575"}],"wp:attachment":[{"href":"https:\/\/speedybaits.sk\/cs\/wp-json\/wp\/v2\/media?parent=1576"}],"wp:term":[{"taxonomy":"product_brand","embeddable":true,"href":"https:\/\/speedybaits.sk\/cs\/wp-json\/wp\/v2\/product_brand?post=1576"},{"taxonomy":"product_cat","embeddable":true,"href":"https:\/\/speedybaits.sk\/cs\/wp-json\/wp\/v2\/product_cat?post=1576"},{"taxonomy":"product_tag","embeddable":true,"href":"https:\/\/speedybaits.sk\/cs\/wp-json\/wp\/v2\/product_tag?post=1576"}],"curies":[{"name":"wp","href":"https:\/\/api.w.org\/{rel}","templated":true}]}}