{"id":1545,"date":"2025-06-16T15:00:09","date_gmt":"2025-06-16T15:00:09","guid":{"rendered":"https:\/\/speedybaits.sk\/produkt\/katran-stuzena-snurka-cobra-25lb-20m\/"},"modified":"2025-08-23T21:12:25","modified_gmt":"2025-08-23T21:12:25","slug":"katran-stuzena-snurka-cobra-25lb-20m","status":"publish","type":"product","link":"https:\/\/speedybaits.sk\/cs\/produkt\/katran-stuzena-snurka-cobra-25lb-20m\/","title":{"rendered":"Stu\u017een\u00e1 \u0160n\u00farka Cobra 25lb\/20m KATRAN"},"content":{"rendered":"<p><span>Cobra je jemn\u00e1, pru\u017en\u00e1 a m\u00e4kk\u00e1 pot\u00e1pav\u00e1 n\u00e1v\u00e4zcov\u00e1 \u0161n\u00fara s&nbsp;odstr\u00e1nite\u013en\u00fdm po\u0165ahom vysokej pevnosti. Jadro \u0161n\u00farky je pl\u00e1vaj\u00face&nbsp;&#8211; vhodn\u00e1 najm\u00e4 na pl\u00e1vaj\u00face a vyv\u00e1\u017een\u00e9 n\u00e1strahy. &nbsp;Cobra je vyroben\u00e1 z&nbsp;dvoch materi\u00e1lov \/fluoropolimer a dyneema\/. Je hnedej farby, na tmavom dne je takmer nevidite\u013en\u00e1. \u0160n\u00farka je pevn\u00e1 a oderuvzdorn\u00e1&nbsp;\u2013 vhodn\u00e1 aj do toho naj\u0165a\u017e\u0161ieho ter\u00e9nu.&nbsp;<\/span><\/p>","protected":false},"excerpt":{"rendered":"<p><span>Cobra je jemn\u00e1, pru\u017en\u00e1 a m\u00e4kk\u00e1 pot\u00e1pav\u00e1 n\u00e1v\u00e4zcov\u00e1 \u0161n\u00fara s&nbsp;odstr\u00e1nite\u013en\u00fdm po\u0165ahom vysokej pevnosti. Jadro \u0161n\u00farky je pl\u00e1vaj\u00face&nbsp;&#8211; vhodn\u00e1 najm\u00e4 na pl\u00e1vaj\u00face a vyv\u00e1\u017een\u00e9 n\u00e1strahy. &nbsp;Cobra je vyroben\u00e1 z&nbsp;dvoch materi\u00e1lov \/fluoropolimer a dyneema\/. Je hnedej farby, na tmavom dne je takmer nevidite\u013en\u00e1. \u0160n\u00farka je pevn\u00e1 a oderuvzdorn\u00e1&nbsp;\u2013 vhodn\u00e1 aj do toho naj\u0165a\u017e\u0161ieho ter\u00e9nu.&nbsp;<\/span><\/p>","protected":false},"featured_media":1544,"template":"","meta":{"advanced_seo_description":"","jetpack_seo_html_title":"","jetpack_seo_noindex":false},"product_brand":[],"product_cat":[66],"product_tag":[],"class_list":{"0":"post-1545","1":"product","2":"type-product","3":"status-publish","4":"has-post-thumbnail","6":"product_cat-pletenky-potiahnute-stuzene","8":"first","9":"instock","10":"taxable","11":"shipping-taxable","12":"purchasable","13":"product-type-simple"},"jetpack_sharing_enabled":true,"_links":{"self":[{"href":"https:\/\/speedybaits.sk\/cs\/wp-json\/wp\/v2\/product\/1545","targetHints":{"allow":["GET"]}}],"collection":[{"href":"https:\/\/speedybaits.sk\/cs\/wp-json\/wp\/v2\/product"}],"about":[{"href":"https:\/\/speedybaits.sk\/cs\/wp-json\/wp\/v2\/types\/product"}],"version-history":[{"count":0,"href":"https:\/\/speedybaits.sk\/cs\/wp-json\/wp\/v2\/product\/1545\/revisions"}],"wp:featuredmedia":[{"embeddable":true,"href":"https:\/\/speedybaits.sk\/cs\/wp-json\/wp\/v2\/media\/1544"}],"wp:attachment":[{"href":"https:\/\/speedybaits.sk\/cs\/wp-json\/wp\/v2\/media?parent=1545"}],"wp:term":[{"taxonomy":"product_brand","embeddable":true,"href":"https:\/\/speedybaits.sk\/cs\/wp-json\/wp\/v2\/product_brand?post=1545"},{"taxonomy":"product_cat","embeddable":true,"href":"https:\/\/speedybaits.sk\/cs\/wp-json\/wp\/v2\/product_cat?post=1545"},{"taxonomy":"product_tag","embeddable":true,"href":"https:\/\/speedybaits.sk\/cs\/wp-json\/wp\/v2\/product_tag?post=1545"}],"curies":[{"name":"wp","href":"https:\/\/api.w.org\/{rel}","templated":true}]}}