{"id":1487,"date":"2025-06-16T13:56:45","date_gmt":"2025-06-16T13:56:45","guid":{"rendered":"https:\/\/speedybaits.sk\/produkt\/pva-organic-mesh-system-24-34mm-7-7-meter\/"},"modified":"2025-08-23T21:12:48","modified_gmt":"2025-08-23T21:12:48","slug":"pva-organic-mesh-system-24-34mm-7-7-meter","status":"publish","type":"product","link":"https:\/\/speedybaits.sk\/cs\/produkt\/pva-organic-mesh-system-24-34mm-7-7-meter\/","title":{"rendered":"PVA Organic Mesh System 24 + 34mm \/ 7 + 7 Meter"},"content":{"rendered":"<h3 style=\"font-weight: 400;line-height: 1.1;text-transform: none;font-size: 18px;font-family: var(--template-headings-font),sans-serif;color: var(--colors-foregrounds-headlines-primary);font-style: normal;letter-spacing: normal;text-align: start;text-indent: 0px;text-decoration: none\">Podrobn\u00fd popis<\/h3>\n<p><span><span lang=\"cs\"><span><em>novat\u00edvne syst\u00e9my PVA rozpustn\u00fdch sie\u0165ok s dreven\u00fdm piestom!<\/em><\/span><\/span><\/span><\/p>\n<p><span lang=\"cs\"><br \/>\nZozn\u00e1mte sa s na\u0161\u00edm univerz\u00e1lnym radom sie\u0165ov\u00fdch syst\u00e9mov. Na zlo\u017eenie a upletenie PVA sie\u0165ok boli kladen\u00e9 vysok\u00e9 n\u00e1roky, a preto s\u00fa vyhovuj\u00face pre celoro\u010dn\u00fd rybolov v ak\u00fdchko\u013evek podmienkach. Doba rozpustnosti sie\u0165ok je z\u00e1visl\u00e1 na teplote vody, ale samozrejmos\u0165ou je rozpustnos\u0165 aj v najstuden\u0161ej vode, kde sa PVA sie\u0165ka \u00faplne rozpust\u00ed za 120 sek\u00fand. Pevn\u00e9, ale jemn\u00e9 spletenie PVA sie\u0165oviny je ide\u00e1lne na pr\u00e1cu aj z jemne mlet\u00fdm k\u0155men\u00edm.<\/span><\/p>\n<p><span lang=\"cs\"><strong style=\"font-weight: 700\">Ka\u017ed\u00fd syst\u00e9m obsahuje vysoko kvalitn\u00fd dreven\u00fd piest.<\/strong><\/span><\/p>\n<p><span><span lang=\"cs\">V\u0161etky obaly s\u00fa vyroben\u00e9 z papiera alebo biologicky odb\u00farate\u013en\u00e9ho plastu na b\u00e1ze \u0161krobu.&nbsp;<\/span><\/span><span><span lang=\"cs\"><\/p>\n<p><\/span><\/span><span><span lang=\"cs\"><strong style=\"font-weight: 700\">Bu\u010fte \u0161etrn\u00ed k pr\u00edrode&#8230;.<\/strong><\/span><\/span><span><span lang=\"cs\"><\/p>\n<p>Priemer 24&amp;34mm&nbsp;<\/span><\/span><\/p>","protected":false},"excerpt":{"rendered":"<h3 style=\"font-weight: 400;line-height: 1.1;text-transform: none;font-size: 18px;font-family: var(--template-headings-font),sans-serif;color: var(--colors-foregrounds-headlines-primary);font-style: normal;letter-spacing: normal;text-align: start;text-indent: 0px;text-decoration: none\">Podrobn\u00fd popis<\/h3>\n<p><span><span lang=\"cs\"><span><em>novat\u00edvne syst\u00e9my PVA rozpustn\u00fdch sie\u0165ok s dreven\u00fdm piestom!<\/em><\/span><\/span><\/span><\/p>\n<p><span lang=\"cs\"><br \/>\nZozn\u00e1mte sa s na\u0161\u00edm univerz\u00e1lnym radom sie\u0165ov\u00fdch syst\u00e9mov. Na zlo\u017eenie a upletenie PVA sie\u0165ok boli kladen\u00e9 vysok\u00e9 n\u00e1roky, a preto s\u00fa vyhovuj\u00face pre celoro\u010dn\u00fd rybolov v ak\u00fdchko\u013evek podmienkach. Doba rozpustnosti sie\u0165ok je z\u00e1visl\u00e1 na teplote vody, ale samozrejmos\u0165ou je rozpustnos\u0165 aj v najstuden\u0161ej vode, kde sa PVA sie\u0165ka \u00faplne rozpust\u00ed za 120 sek\u00fand. Pevn\u00e9, ale jemn\u00e9 spletenie PVA sie\u0165oviny je ide\u00e1lne na pr\u00e1cu aj z jemne mlet\u00fdm k\u0155men\u00edm.<\/span><\/p>\n<p><span lang=\"cs\"><strong style=\"font-weight: 700\">Ka\u017ed\u00fd syst\u00e9m obsahuje vysoko kvalitn\u00fd dreven\u00fd piest.<\/strong><\/span><\/p>\n<p><span><span lang=\"cs\">V\u0161etky obaly s\u00fa vyroben\u00e9 z papiera alebo biologicky odb\u00farate\u013en\u00e9ho plastu na b\u00e1ze \u0161krobu.&nbsp;<\/span><\/span><span><span lang=\"cs\"><\/p>\n<p><\/span><\/span><span><span lang=\"cs\"><strong style=\"font-weight: 700\">Bu\u010fte \u0161etrn\u00ed k pr\u00edrode&#8230;.<\/strong><\/span><\/span><span><span lang=\"cs\"><\/p>\n<p>Priemer 24&amp;34mm&nbsp;<\/span><\/span><\/p>","protected":false},"featured_media":1486,"template":"","meta":{"advanced_seo_description":"","jetpack_seo_html_title":"","jetpack_seo_noindex":false},"product_brand":[],"product_cat":[63],"product_tag":[],"class_list":{"0":"post-1487","1":"product","2":"type-product","3":"status-publish","4":"has-post-thumbnail","6":"product_cat-pva-program","8":"first","9":"instock","10":"taxable","11":"shipping-taxable","12":"purchasable","13":"product-type-simple"},"jetpack_sharing_enabled":true,"_links":{"self":[{"href":"https:\/\/speedybaits.sk\/cs\/wp-json\/wp\/v2\/product\/1487","targetHints":{"allow":["GET"]}}],"collection":[{"href":"https:\/\/speedybaits.sk\/cs\/wp-json\/wp\/v2\/product"}],"about":[{"href":"https:\/\/speedybaits.sk\/cs\/wp-json\/wp\/v2\/types\/product"}],"version-history":[{"count":0,"href":"https:\/\/speedybaits.sk\/cs\/wp-json\/wp\/v2\/product\/1487\/revisions"}],"wp:featuredmedia":[{"embeddable":true,"href":"https:\/\/speedybaits.sk\/cs\/wp-json\/wp\/v2\/media\/1486"}],"wp:attachment":[{"href":"https:\/\/speedybaits.sk\/cs\/wp-json\/wp\/v2\/media?parent=1487"}],"wp:term":[{"taxonomy":"product_brand","embeddable":true,"href":"https:\/\/speedybaits.sk\/cs\/wp-json\/wp\/v2\/product_brand?post=1487"},{"taxonomy":"product_cat","embeddable":true,"href":"https:\/\/speedybaits.sk\/cs\/wp-json\/wp\/v2\/product_cat?post=1487"},{"taxonomy":"product_tag","embeddable":true,"href":"https:\/\/speedybaits.sk\/cs\/wp-json\/wp\/v2\/product_tag?post=1487"}],"curies":[{"name":"wp","href":"https:\/\/api.w.org\/{rel}","templated":true}]}}