{"id":1266,"date":"2025-06-15T14:06:44","date_gmt":"2025-06-15T14:06:44","guid":{"rendered":"https:\/\/speedybaits.sk\/?post_type=product&#038;p=1266"},"modified":"2026-02-24T16:30:28","modified_gmt":"2026-02-24T16:30:28","slug":"krmene-boilies-losos-broskyna-5kg","status":"publish","type":"product","link":"https:\/\/speedybaits.sk\/cs\/produkt\/krmene-boilies-losos-broskyna-5kg\/","title":{"rendered":"K\u0155mne Boilies LOSOS BROSKY\u0147A 5kg"},"content":{"rendered":"<p>K\u0155mne boilies\u00a0s\u00fa prim\u00e1rne ur\u010den\u00e9 pre\u00a0zakrmovanie\u00a0ryb\u00e1rskych miest. Sl\u00fa\u017eia\u00a0na plo\u0161n\u00e9 k\u0155menie k udr\u017eaniu r\u00fdb na lovnom mieste.\u00a0S\u00fa\u00a0navrhnut\u00e9 tak, aby boli pre ryby vysoko v\u00fd\u017eivn\u00fdm a \u00fa\u010dinn\u00fdm zdrojom potravy. Pre ryby s\u00fa \u013eahko a r\u00fdchlo str\u00e1vite\u013en\u00e9 v\u010faka \u010domu s\u00fa st\u00e1le akt\u00edvne a \u010do ich n\u00fati k \u010fal\u0161iemu doplneniu energie. Vyberte si z na\u0161ej ponuky k\u0155mnych boilies:<\/p>\n<p>Na\u0161e k\u0155mne boilies je ve\u013emi l\u00e1kav\u00e9 pre ryby, \u010do zabezpe\u010duje jeho prenikav\u00e1 v\u00f4\u0148a. \u00a0Relat\u00edvne r\u00fdchlo ich pril\u00e1ka, \u010di \u00a0udr\u017e\u00ed na lovnom mieste pokia\u013e ho tam bud\u00fa ma\u0165 dos\u0165. Recept\u00fara je navrhnut\u00e1 tak aby bolo vhodn\u00e9 i\u00a0pre dlhodob\u00e9 k\u0155menie. Vyr\u00e1bame ho z\u00a0kvalitn\u00fdch pr\u00edrodn\u00fdch a\u00a0hlavne \u013eahko str\u00e1vite\u013en\u00fdch surov\u00edn, ktor\u00e9 s\u00fa doplnen\u00e9 o\u00a0chu\u0165ov\u00e9 atraktori a\u00a0ar\u00f3my.\u00a0Pokia\u013e chcete mas\u00edvne a\u00a0pravidelne k\u0155mi\u0165, tak na\u0161e K\u0155mne boilies\u00a0 by ste mali vysk\u00fa\u0161a\u0165 a\u00a0budete sa k nemu vraca\u0165 presne ako kapr\u00edky ktor\u00e9 chyt\u00edte \ud83d\ude42<\/p>","protected":false},"excerpt":{"rendered":"<p>K\u0155mne boilies\u00a0s\u00fa prim\u00e1rne ur\u010den\u00e9 pre\u00a0zakrmovanie\u00a0ryb\u00e1rskych miest. Sl\u00fa\u017eia\u00a0na plo\u0161n\u00e9 k\u0155menie k udr\u017eaniu r\u00fdb na lovnom mieste.\u00a0S\u00fa\u00a0navrhnut\u00e9 tak, aby boli pre ryby vysoko v\u00fd\u017eivn\u00fdm a \u00fa\u010dinn\u00fdm zdrojom potravy. Pre ryby s\u00fa \u013eahko a r\u00fdchlo str\u00e1vite\u013en\u00e9 v\u010faka \u010domu s\u00fa st\u00e1le akt\u00edvne a \u010do ich n\u00fati k \u010fal\u0161iemu doplneniu energie. Vyberte si z na\u0161ej ponuky k\u0155mnych boilies:<\/p>\n<p>Na\u0161e k\u0155mne boilies je ve\u013emi l\u00e1kav\u00e9 pre ryby, \u010do zabezpe\u010duje jeho prenikav\u00e1 v\u00f4\u0148a. \u00a0Relat\u00edvne r\u00fdchlo ich pril\u00e1ka, \u010di \u00a0udr\u017e\u00ed na lovnom mieste pokia\u013e ho tam bud\u00fa ma\u0165 dos\u0165. Recept\u00fara je navrhnut\u00e1 tak aby bolo vhodn\u00e9 i\u00a0pre dlhodob\u00e9 k\u0155menie. Vyr\u00e1bame ho z\u00a0kvalitn\u00fdch pr\u00edrodn\u00fdch a\u00a0hlavne \u013eahko str\u00e1vite\u013en\u00fdch surov\u00edn, ktor\u00e9 s\u00fa doplnen\u00e9 o\u00a0chu\u0165ov\u00e9 atraktori a\u00a0ar\u00f3my.\u00a0Pokia\u013e chcete mas\u00edvne a\u00a0pravidelne k\u0155mi\u0165, tak na\u0161e K\u0155mne boilies\u00a0 by ste mali vysk\u00fa\u0161a\u0165 a\u00a0budete sa k nemu vraca\u0165 presne ako kapr\u00edky ktor\u00e9 chyt\u00edte \ud83d\ude42<\/p>","protected":false},"featured_media":1265,"template":"","meta":{"advanced_seo_description":"","jetpack_seo_html_title":"","jetpack_seo_noindex":false},"product_brand":[],"product_cat":[59],"product_tag":[],"class_list":{"0":"post-1266","1":"product","2":"type-product","3":"status-publish","4":"has-post-thumbnail","6":"product_cat-krmene-boilies","7":"pa_priemer-20mm","8":"pa_priemer-24mm","10":"first","11":"instock","12":"taxable","13":"shipping-taxable","14":"purchasable","15":"product-type-variable"},"jetpack_sharing_enabled":true,"_links":{"self":[{"href":"https:\/\/speedybaits.sk\/cs\/wp-json\/wp\/v2\/product\/1266","targetHints":{"allow":["GET"]}}],"collection":[{"href":"https:\/\/speedybaits.sk\/cs\/wp-json\/wp\/v2\/product"}],"about":[{"href":"https:\/\/speedybaits.sk\/cs\/wp-json\/wp\/v2\/types\/product"}],"version-history":[{"count":1,"href":"https:\/\/speedybaits.sk\/cs\/wp-json\/wp\/v2\/product\/1266\/revisions"}],"predecessor-version":[{"id":2863,"href":"https:\/\/speedybaits.sk\/cs\/wp-json\/wp\/v2\/product\/1266\/revisions\/2863"}],"wp:featuredmedia":[{"embeddable":true,"href":"https:\/\/speedybaits.sk\/cs\/wp-json\/wp\/v2\/media\/1265"}],"wp:attachment":[{"href":"https:\/\/speedybaits.sk\/cs\/wp-json\/wp\/v2\/media?parent=1266"}],"wp:term":[{"taxonomy":"product_brand","embeddable":true,"href":"https:\/\/speedybaits.sk\/cs\/wp-json\/wp\/v2\/product_brand?post=1266"},{"taxonomy":"product_cat","embeddable":true,"href":"https:\/\/speedybaits.sk\/cs\/wp-json\/wp\/v2\/product_cat?post=1266"},{"taxonomy":"product_tag","embeddable":true,"href":"https:\/\/speedybaits.sk\/cs\/wp-json\/wp\/v2\/product_tag?post=1266"}],"curies":[{"name":"wp","href":"https:\/\/api.w.org\/{rel}","templated":true}]}}