{"id":1232,"date":"2025-06-15T11:29:20","date_gmt":"2025-06-15T11:29:20","guid":{"rendered":"https:\/\/speedybaits.sk\/?product=obalovacia-pasta-losos-broskyna-250g"},"modified":"2026-03-03T18:52:06","modified_gmt":"2026-03-03T18:52:06","slug":"obalovacia-pasta-losos-broskyna-250g","status":"publish","type":"product","link":"https:\/\/speedybaits.sk\/cs\/produkt\/obalovacia-pasta-losos-broskyna-250g\/","title":{"rendered":"Obalovac\u00ed pasta LOSOS BROSKYN\u011a 250g"},"content":{"rendered":"<p>Losos &amp; Brosky\u0148a \u2013 Kombin\u00e1cia olejnat\u00e9ho lososov\u00e9ho extraktu s ovocnou brosky\u0148ovou esenciou. Skvele funguje po\u010das cel\u00e9ho roka, najm\u00e4 v teplej\u0161\u00edch mesiacoch.<\/p>","protected":false},"excerpt":{"rendered":"<p>Losos &amp; Brosky\u0148a \u2013 Kombin\u00e1cia olejnat\u00e9ho lososov\u00e9ho extraktu s ovocnou brosky\u0148ovou esenciou. Skvele funguje po\u010das cel\u00e9ho roka, najm\u00e4 v teplej\u0161\u00edch mesiacoch.<\/p>","protected":false},"featured_media":1230,"template":"","meta":{"advanced_seo_description":"","jetpack_seo_html_title":"","jetpack_seo_noindex":false},"product_brand":[],"product_cat":[53],"product_tag":[],"class_list":{"0":"post-1232","1":"product","2":"type-product","3":"status-publish","4":"has-post-thumbnail","6":"product_cat-obalovacie-pasty","8":"first","9":"instock","10":"taxable","11":"shipping-taxable","12":"purchasable","13":"product-type-simple"},"jetpack_sharing_enabled":true,"_links":{"self":[{"href":"https:\/\/speedybaits.sk\/cs\/wp-json\/wp\/v2\/product\/1232","targetHints":{"allow":["GET"]}}],"collection":[{"href":"https:\/\/speedybaits.sk\/cs\/wp-json\/wp\/v2\/product"}],"about":[{"href":"https:\/\/speedybaits.sk\/cs\/wp-json\/wp\/v2\/types\/product"}],"version-history":[{"count":1,"href":"https:\/\/speedybaits.sk\/cs\/wp-json\/wp\/v2\/product\/1232\/revisions"}],"predecessor-version":[{"id":2487,"href":"https:\/\/speedybaits.sk\/cs\/wp-json\/wp\/v2\/product\/1232\/revisions\/2487"}],"wp:featuredmedia":[{"embeddable":true,"href":"https:\/\/speedybaits.sk\/cs\/wp-json\/wp\/v2\/media\/1230"}],"wp:attachment":[{"href":"https:\/\/speedybaits.sk\/cs\/wp-json\/wp\/v2\/media?parent=1232"}],"wp:term":[{"taxonomy":"product_brand","embeddable":true,"href":"https:\/\/speedybaits.sk\/cs\/wp-json\/wp\/v2\/product_brand?post=1232"},{"taxonomy":"product_cat","embeddable":true,"href":"https:\/\/speedybaits.sk\/cs\/wp-json\/wp\/v2\/product_cat?post=1232"},{"taxonomy":"product_tag","embeddable":true,"href":"https:\/\/speedybaits.sk\/cs\/wp-json\/wp\/v2\/product_tag?post=1232"}],"curies":[{"name":"wp","href":"https:\/\/api.w.org\/{rel}","templated":true}]}}