{"id":1182,"date":"2025-06-15T10:12:48","date_gmt":"2025-06-15T10:12:48","guid":{"rendered":"https:\/\/speedybaits.sk\/?product=zemiaky-v-slanom-naleve-2-porcie-400g"},"modified":"2025-08-23T21:15:47","modified_gmt":"2025-08-23T21:15:47","slug":"zemiaky-v-slanom-naleve-2-porcie-400g","status":"publish","type":"product","link":"https:\/\/speedybaits.sk\/cs\/produkt\/zemiaky-v-slanom-naleve-2-porcie-400g\/","title":{"rendered":"Zemiaky v slanom n\u00e1leve 2 porcie (400g)"},"content":{"rendered":"<p><span style=\"font-family: Verdana, sans-serif; font-size: 15px; font-style: normal; font-weight: 400; letter-spacing: normal; text-align: center; text-indent: 0px; text-transform: none; text-decoration: none; float: none;\">Dom\u00e4kka uvaren\u00e9 k\u00fasky zemiakov bez \u0161upky v slanom n\u00e1leve. Pred konzum\u00e1ciou najprv trochu natrhnite s\u00e1\u010dok a n\u00e1lev vylejte. Vhodn\u00e9 ako univerz\u00e1lny pr\u00edloha k mnoh\u00fdm druhom jed\u00e1l.<\/span><span style=\"font-family: Verdana, sans-serif; font-size: 15px; font-style: normal; font-weight: 400; letter-spacing: normal; text-align: center; text-indent: 0px; text-transform: none; text-decoration: none; float: none;\">Zlozenie:<\/span><\/p>\n<p><span style=\"font-family: Verdana, sans-serif; font-size: 15px; font-style: normal; font-weight: 400; letter-spacing: normal; text-align: center; text-indent: 0px; text-transform: none; text-decoration: none; float: none;\">zemiaky (57 %) (400 g), voda, so\u013e kamenn\u00e1.<\/span><\/p>\n<div class=\"shp-tabs-wrapper p-detail-tabs-wrapper\" style=\"border-top-style: none; border-top-width: 0px; clear: both; margin: 20px auto 0px; padding-top: 19px; position: relative; width: 360px; font-family: Verdana, sans-serif; font-size: 14px; font-style: normal; font-weight: 400; letter-spacing: normal; text-align: start; text-indent: 0px; text-transform: none; text-decoration: none;\">\n<div class=\"row\" style=\"margin-left: -20px; margin-right: -20px;\">\n<div class=\"col-sm-12\" style=\"min-height: 1px; padding-left: 20px; padding-right: 20px; position: relative;\">\n<div id=\"tab-content\" class=\"tab-content\" style=\"padding-left: 20px; padding-right: 20px; max-width: 710px; margin: 0px auto;\">\n<div id=\"tab-preparation\" class=\"tab-pane fade active in\" style=\"opacity: 1;\">\n<div style=\"line-height: 40px; font-size: 20px;\">\n<p style=\"margin: 0px 0px 10px; line-height: 40px; font-size: 20px; text-align: center;\"><strong style=\"font-weight: bold; line-height: 40px; font-size: 20px;\">Zohrieva\u0165 m\u00f4\u017eete nieko\u013ek\u00fdmi sp\u00f4sobmi:<\/strong><br \/>\n1. Vlo\u017ete uzatvoren\u00e9 vrec\u00fa\u0161ko<span class=\"Apple-converted-space\">\u00a0<\/span><strong style=\"font-weight: bold; line-height: 40px; font-size: 20px;\">do hrnca s hor\u00facou vodou<\/strong>(alebo do r\u00fdchlovarnej kanvice), nechajte cca 10 min prehria\u0165 a po otvoren\u00ed<br \/>\nserv\u00edrujte priamo na tanier.<\/p>\n<p style=\"margin: 0px 0px 10px; line-height: 40px; font-size: 20px; text-align: center;\"><img data-recalc-dims=\"1\" decoding=\"async\" style=\"border: 0px; vertical-align: middle; height: auto; max-width: 100%; line-height: 40px; font-size: 20px;\" src=\"https:\/\/i0.wp.com\/cdn.myshoptet.com\/usr\/www.expresmenu.sk\/user\/documents\/upload\/priprava1.png?ssl=1\" \/><\/p>\n<p style=\"margin: 0px 0px 10px; line-height: 40px; font-size: 20px; text-align: center;\">2. Vrec\u00fa\u0161ko vypr\u00e1zdnite<span class=\"Apple-converted-space\">\u00a0<\/span><strong style=\"font-weight: bold; line-height: 40px; font-size: 20px;\">priamo do hrnca<\/strong><span class=\"Apple-converted-space\">\u00a0<\/span>(alebo na panvi\u010dku) a zohrievajte cca 5 min.<\/p>\n<p style=\"margin: 0px 0px 10px; line-height: 40px; font-size: 20px; text-align: center;\"><img data-recalc-dims=\"1\" decoding=\"async\" style=\"border: 0px; vertical-align: middle; height: auto; max-width: 100%; line-height: 40px; font-size: 20px;\" src=\"https:\/\/i0.wp.com\/cdn.myshoptet.com\/usr\/www.expresmenu.sk\/user\/documents\/upload\/priprava2.png?ssl=1\" \/><\/p>\n<p style=\"margin: 0px 0px 10px; line-height: 40px; font-size: 20px; text-align: center;\">3. Prelo\u017ete jedlo z vrec\u00fa\u0161ka do vhodnej n\u00e1doby a zohrievajte cca 3 min v<span class=\"Apple-converted-space\">\u00a0<\/span><strong style=\"font-weight: bold; line-height: 40px; font-size: 20px;\">mikrovlnnej tr\u00fabe<\/strong>.<\/p>\n<p style=\"margin: 0px 0px 10px; line-height: 40px; font-size: 20px; text-align: center;\"><img data-recalc-dims=\"1\" decoding=\"async\" style=\"border: 0px; vertical-align: middle; height: auto; max-width: 100%; line-height: 40px; font-size: 20px;\" src=\"https:\/\/i0.wp.com\/cdn.myshoptet.com\/usr\/www.expresmenu.sk\/user\/documents\/upload\/priprava3.png?ssl=1\" \/><\/p>\n<div id=\"vtPopupMenu\" style=\"line-height: 40px; font-size: 20px;\"><\/div>\n<\/div>\n<\/div>\n<\/div>\n<\/div>\n<\/div>\n<\/div>\n<div class=\"mjs-detail-anchors-wrap container\" style=\"margin: 0px auto 60px; padding-left: 20px; padding-right: 20px; flex-flow: wrap; justify-content: center; align-items: center; width: 360px; font-family: Verdana, sans-serif; font-size: 14px; font-style: normal; font-weight: 400; letter-spacing: normal; text-align: start; text-indent: 0px; text-transform: none; text-decoration: none;\">\n<div class=\"mjs-detail-anchors-item\" style=\"flex-basis: 20%; margin-top: 0px; padding: 0px 5px;\"><a style=\"background-color: transparent; color: var(--color-primary); text-decoration: none;\" href=\"https:\/\/www.expresmenu.sk\/zemiaky-v-slanom-naleve\/#block-without-additives\" data-target=\"block-without-additives\"><img decoding=\"async\" style=\"border: 0px; vertical-align: middle; height: 100px; max-width: 100%;\" src=\"https:\/\/www.expresmenu.sk\/user\/documents\/assets\/img\/detail\/sk\/icons\/without-additives.svg\" \/><\/a><\/div>\n<div class=\"mjs-detail-anchors-item\" style=\"flex-basis: 20%; margin-top: 0px; padding: 0px 5px;\"><a style=\"background-color: transparent; color: var(--color-primary); text-decoration: none;\" href=\"https:\/\/www.expresmenu.sk\/zemiaky-v-slanom-naleve\/#block-heating\" data-target=\"block-heating\"><img decoding=\"async\" style=\"border: 0px; vertical-align: middle; height: 100px; max-width: 100%;\" src=\"https:\/\/www.expresmenu.sk\/user\/documents\/assets\/img\/detail\/sk\/icons\/heating.svg\" \/><\/a><\/div>\n<div class=\"mjs-detail-anchors-item\" style=\"flex-basis: 20%; margin-top: 0px; padding: 0px 5px;\"><img decoding=\"async\" style=\"border: 0px; vertical-align: middle; height: 100px; max-width: 100%;\" src=\"https:\/\/www.expresmenu.sk\/user\/documents\/assets\/img\/detail\/sk\/icons\/lion.svg\" \/><\/div>\n<div class=\"mjs-detail-anchors-item\" style=\"flex-basis: 20%; margin-top: 0px; padding: 0px 5px;\"><a style=\"background-color: transparent; color: var(--color-primary); text-decoration: none;\" href=\"https:\/\/www.expresmenu.sk\/zemiaky-v-slanom-naleve\/#block-storage\" data-target=\"block-storage\"><img decoding=\"async\" style=\"border: 0px; vertical-align: middle; height: 100px; max-width: 100%;\" src=\"https:\/\/www.expresmenu.sk\/user\/documents\/assets\/img\/detail\/sk\/icons\/storage.svg\" \/><\/a><\/div>\n<div class=\"mjs-detail-anchors-item\" style=\"flex-basis: 20%; margin-top: 0px; padding: 0px 5px;\"><a style=\"background-color: transparent; color: var(--color-primary); text-decoration: none;\" href=\"https:\/\/www.expresmenu.sk\/zemiaky-v-slanom-naleve\/#block-gluten-free\" data-target=\"block-gluten-free\"><img decoding=\"async\" style=\"border: 0px; vertical-align: middle; height: 100px; max-width: 100%;\" src=\"https:\/\/www.expresmenu.sk\/user\/documents\/assets\/img\/detail\/sk\/icons\/gluten-free.svg\" \/><\/a><\/div>\n<div class=\"mjs-detail-anchors-item\" style=\"flex-basis: 20%; margin-top: 0px; padding: 0px 5px;\"><a style=\"background-color: transparent; color: var(--color-primary); text-decoration: none;\" href=\"https:\/\/www.expresmenu.sk\/zemiaky-v-slanom-naleve\/#block-quality\" data-target=\"block-quality\"><img decoding=\"async\" style=\"border: 0px; vertical-align: middle; height: 100px; max-width: 100%;\" src=\"https:\/\/www.expresmenu.sk\/user\/documents\/assets\/img\/detail\/sk\/icons\/quality.svg\" \/><\/a><\/div>\n<div class=\"mjs-detail-anchors-item\" style=\"flex-basis: 20%; margin-top: 0px; padding: 0px 5px;\"><a style=\"background-color: transparent; color: var(--color-primary); text-decoration: none;\" href=\"https:\/\/www.expresmenu.sk\/zemiaky-v-slanom-naleve\/#block-production\" data-target=\"block-production\"><img decoding=\"async\" style=\"border: 0px; vertical-align: middle; height: 100px; max-width: 100%;\" src=\"https:\/\/www.expresmenu.sk\/user\/documents\/assets\/img\/detail\/sk\/icons\/production.svg\" \/><\/a><\/div>\n<div class=\"mjs-detail-anchors-item\" style=\"flex-basis: 20%; margin-top: 0px; padding: 0px 5px;\"><a style=\"background-color: transparent; color: var(--color-primary); text-decoration: none;\" href=\"https:\/\/www.expresmenu.sk\/zemiaky-v-slanom-naleve\/#block-balance\" data-target=\"block-balance\"><img decoding=\"async\" style=\"border: 0px; vertical-align: middle; height: 100px; max-width: 100%;\" src=\"https:\/\/www.expresmenu.sk\/user\/documents\/assets\/img\/detail\/sk\/icons\/balance.svg\" \/><\/a><\/div>\n<div class=\"mjs-detail-anchors-item\" style=\"flex-basis: 20%; margin-top: 0px; padding: 0px 5px;\"><a style=\"background-color: transparent; color: var(--color-primary); text-decoration: none;\" href=\"https:\/\/www.expresmenu.sk\/zemiaky-v-slanom-naleve\/#block-salt-content\" data-target=\"block-salt-content\"><img decoding=\"async\" style=\"border: 0px; vertical-align: middle; height: 100px; max-width: 100%;\" src=\"https:\/\/www.expresmenu.sk\/user\/documents\/assets\/img\/detail\/sk\/icons\/salt-content.svg\" \/><\/a><\/div>\n<\/div>","protected":false},"excerpt":{"rendered":"<p><span style=\"font-family: Verdana, sans-serif; font-size: 15px; font-style: normal; font-weight: 400; letter-spacing: normal; text-align: center; text-indent: 0px; text-transform: none; text-decoration: none; float: none;\">Dom\u00e4kka uvaren\u00e9 k\u00fasky zemiakov bez \u0161upky v slanom n\u00e1leve. Pred konzum\u00e1ciou najprv trochu natrhnite s\u00e1\u010dok a n\u00e1lev vylejte. Vhodn\u00e9 ako univerz\u00e1lny pr\u00edloha k mnoh\u00fdm druhom jed\u00e1l.<\/span><span style=\"font-family: Verdana, sans-serif; font-size: 15px; font-style: normal; font-weight: 400; letter-spacing: normal; text-align: center; text-indent: 0px; text-transform: none; text-decoration: none; float: none;\">Zlozenie:<\/span><\/p>\n<p><span style=\"font-family: Verdana, sans-serif; font-size: 15px; font-style: normal; font-weight: 400; letter-spacing: normal; text-align: center; text-indent: 0px; text-transform: none; text-decoration: none; float: none;\">zemiaky (57 %) (400 g), voda, so\u013e kamenn\u00e1.<\/span><\/p>\n<div class=\"shp-tabs-wrapper p-detail-tabs-wrapper\" style=\"border-top-style: none; border-top-width: 0px; clear: both; margin: 20px auto 0px; padding-top: 19px; position: relative; width: 360px; font-family: Verdana, sans-serif; font-size: 14px; font-style: normal; font-weight: 400; letter-spacing: normal; text-align: start; text-indent: 0px; text-transform: none; text-decoration: none;\">\n<div class=\"row\" style=\"margin-left: -20px; margin-right: -20px;\">\n<div class=\"col-sm-12\" style=\"min-height: 1px; padding-left: 20px; padding-right: 20px; position: relative;\">\n<div id=\"tab-content\" class=\"tab-content\" style=\"padding-left: 20px; padding-right: 20px; max-width: 710px; margin: 0px auto;\">\n<div id=\"tab-preparation\" class=\"tab-pane fade active in\" style=\"opacity: 1;\">\n<div style=\"line-height: 40px; font-size: 20px;\">\n<p style=\"margin: 0px 0px 10px; line-height: 40px; font-size: 20px; text-align: center;\"><strong style=\"font-weight: bold; line-height: 40px; font-size: 20px;\">Zohrieva\u0165 m\u00f4\u017eete nieko\u013ek\u00fdmi sp\u00f4sobmi:<\/strong><br \/>\n1. Vlo\u017ete uzatvoren\u00e9 vrec\u00fa\u0161ko<span class=\"Apple-converted-space\">\u00a0<\/span><strong style=\"font-weight: bold; line-height: 40px; font-size: 20px;\">do hrnca s hor\u00facou vodou<\/strong>(alebo do r\u00fdchlovarnej kanvice), nechajte cca 10 min prehria\u0165 a po otvoren\u00ed<br \/>\nserv\u00edrujte priamo na tanier.<\/p>\n<p style=\"margin: 0px 0px 10px; line-height: 40px; font-size: 20px; text-align: center;\"><img decoding=\"async\" style=\"border: 0px; vertical-align: middle; height: auto; max-width: 100%; line-height: 40px; font-size: 20px;\" src=\"https:\/\/cdn.myshoptet.com\/usr\/www.expresmenu.sk\/user\/documents\/upload\/priprava1.png?1713970806\" \/><\/p>\n<p style=\"margin: 0px 0px 10px; line-height: 40px; font-size: 20px; text-align: center;\">2. Vrec\u00fa\u0161ko vypr\u00e1zdnite<span class=\"Apple-converted-space\">\u00a0<\/span><strong style=\"font-weight: bold; line-height: 40px; font-size: 20px;\">priamo do hrnca<\/strong><span class=\"Apple-converted-space\">\u00a0<\/span>(alebo na panvi\u010dku) a zohrievajte cca 5 min.<\/p>\n<p style=\"margin: 0px 0px 10px; line-height: 40px; font-size: 20px; text-align: center;\"><img decoding=\"async\" style=\"border: 0px; vertical-align: middle; height: auto; max-width: 100%; line-height: 40px; font-size: 20px;\" src=\"https:\/\/cdn.myshoptet.com\/usr\/www.expresmenu.sk\/user\/documents\/upload\/priprava2.png?1713970813\" \/><\/p>\n<p style=\"margin: 0px 0px 10px; line-height: 40px; font-size: 20px; text-align: center;\">3. Prelo\u017ete jedlo z vrec\u00fa\u0161ka do vhodnej n\u00e1doby a zohrievajte cca 3 min v<span class=\"Apple-converted-space\">\u00a0<\/span><strong style=\"font-weight: bold; line-height: 40px; font-size: 20px;\">mikrovlnnej tr\u00fabe<\/strong>.<\/p>\n<p style=\"margin: 0px 0px 10px; line-height: 40px; font-size: 20px; text-align: center;\"><img decoding=\"async\" style=\"border: 0px; vertical-align: middle; height: auto; max-width: 100%; line-height: 40px; font-size: 20px;\" src=\"https:\/\/cdn.myshoptet.com\/usr\/www.expresmenu.sk\/user\/documents\/upload\/priprava3.png?1713970813\" \/><\/p>\n<div id=\"vtPopupMenu\" style=\"line-height: 40px; font-size: 20px;\"><\/div>\n<\/div>\n<\/div>\n<\/div>\n<\/div>\n<\/div>\n<\/div>\n<div class=\"mjs-detail-anchors-wrap container\" style=\"margin: 0px auto 60px; padding-left: 20px; padding-right: 20px; flex-flow: wrap; justify-content: center; align-items: center; width: 360px; font-family: Verdana, sans-serif; font-size: 14px; font-style: normal; font-weight: 400; letter-spacing: normal; text-align: start; text-indent: 0px; text-transform: none; text-decoration: none;\">\n<div class=\"mjs-detail-anchors-item\" style=\"flex-basis: 20%; margin-top: 0px; padding: 0px 5px;\"><a style=\"background-color: transparent; color: var(--color-primary); text-decoration: none;\" href=\"https:\/\/www.expresmenu.sk\/zemiaky-v-slanom-naleve\/#block-without-additives\" data-target=\"block-without-additives\"><img decoding=\"async\" style=\"border: 0px; vertical-align: middle; height: 100px; max-width: 100%;\" src=\"https:\/\/www.expresmenu.sk\/user\/documents\/assets\/img\/detail\/sk\/icons\/without-additives.svg\" \/><\/a><\/div>\n<div class=\"mjs-detail-anchors-item\" style=\"flex-basis: 20%; margin-top: 0px; padding: 0px 5px;\"><a style=\"background-color: transparent; color: var(--color-primary); text-decoration: none;\" href=\"https:\/\/www.expresmenu.sk\/zemiaky-v-slanom-naleve\/#block-heating\" data-target=\"block-heating\"><img decoding=\"async\" style=\"border: 0px; vertical-align: middle; height: 100px; max-width: 100%;\" src=\"https:\/\/www.expresmenu.sk\/user\/documents\/assets\/img\/detail\/sk\/icons\/heating.svg\" \/><\/a><\/div>\n<div class=\"mjs-detail-anchors-item\" style=\"flex-basis: 20%; margin-top: 0px; padding: 0px 5px;\"><img decoding=\"async\" style=\"border: 0px; vertical-align: middle; height: 100px; max-width: 100%;\" src=\"https:\/\/www.expresmenu.sk\/user\/documents\/assets\/img\/detail\/sk\/icons\/lion.svg\" \/><\/div>\n<div class=\"mjs-detail-anchors-item\" style=\"flex-basis: 20%; margin-top: 0px; padding: 0px 5px;\"><a style=\"background-color: transparent; color: var(--color-primary); text-decoration: none;\" href=\"https:\/\/www.expresmenu.sk\/zemiaky-v-slanom-naleve\/#block-storage\" data-target=\"block-storage\"><img decoding=\"async\" style=\"border: 0px; vertical-align: middle; height: 100px; max-width: 100%;\" src=\"https:\/\/www.expresmenu.sk\/user\/documents\/assets\/img\/detail\/sk\/icons\/storage.svg\" \/><\/a><\/div>\n<div class=\"mjs-detail-anchors-item\" style=\"flex-basis: 20%; margin-top: 0px; padding: 0px 5px;\"><a style=\"background-color: transparent; color: var(--color-primary); text-decoration: none;\" href=\"https:\/\/www.expresmenu.sk\/zemiaky-v-slanom-naleve\/#block-gluten-free\" data-target=\"block-gluten-free\"><img decoding=\"async\" style=\"border: 0px; vertical-align: middle; height: 100px; max-width: 100%;\" src=\"https:\/\/www.expresmenu.sk\/user\/documents\/assets\/img\/detail\/sk\/icons\/gluten-free.svg\" \/><\/a><\/div>\n<div class=\"mjs-detail-anchors-item\" style=\"flex-basis: 20%; margin-top: 0px; padding: 0px 5px;\"><a style=\"background-color: transparent; color: var(--color-primary); text-decoration: none;\" href=\"https:\/\/www.expresmenu.sk\/zemiaky-v-slanom-naleve\/#block-quality\" data-target=\"block-quality\"><img decoding=\"async\" style=\"border: 0px; vertical-align: middle; height: 100px; max-width: 100%;\" src=\"https:\/\/www.expresmenu.sk\/user\/documents\/assets\/img\/detail\/sk\/icons\/quality.svg\" \/><\/a><\/div>\n<div class=\"mjs-detail-anchors-item\" style=\"flex-basis: 20%; margin-top: 0px; padding: 0px 5px;\"><a style=\"background-color: transparent; color: var(--color-primary); text-decoration: none;\" href=\"https:\/\/www.expresmenu.sk\/zemiaky-v-slanom-naleve\/#block-production\" data-target=\"block-production\"><img decoding=\"async\" style=\"border: 0px; vertical-align: middle; height: 100px; max-width: 100%;\" src=\"https:\/\/www.expresmenu.sk\/user\/documents\/assets\/img\/detail\/sk\/icons\/production.svg\" \/><\/a><\/div>\n<div class=\"mjs-detail-anchors-item\" style=\"flex-basis: 20%; margin-top: 0px; padding: 0px 5px;\"><a style=\"background-color: transparent; color: var(--color-primary); text-decoration: none;\" href=\"https:\/\/www.expresmenu.sk\/zemiaky-v-slanom-naleve\/#block-balance\" data-target=\"block-balance\"><img decoding=\"async\" style=\"border: 0px; vertical-align: middle; height: 100px; max-width: 100%;\" src=\"https:\/\/www.expresmenu.sk\/user\/documents\/assets\/img\/detail\/sk\/icons\/balance.svg\" \/><\/a><\/div>\n<div class=\"mjs-detail-anchors-item\" style=\"flex-basis: 20%; margin-top: 0px; padding: 0px 5px;\"><a style=\"background-color: transparent; color: var(--color-primary); text-decoration: none;\" href=\"https:\/\/www.expresmenu.sk\/zemiaky-v-slanom-naleve\/#block-salt-content\" data-target=\"block-salt-content\"><img decoding=\"async\" style=\"border: 0px; vertical-align: middle; height: 100px; max-width: 100%;\" src=\"https:\/\/www.expresmenu.sk\/user\/documents\/assets\/img\/detail\/sk\/icons\/salt-content.svg\" \/><\/a><\/div>\n<\/div>","protected":false},"featured_media":1180,"template":"","meta":{"advanced_seo_description":"","jetpack_seo_html_title":"","jetpack_seo_noindex":false},"product_brand":[],"product_cat":[88],"product_tag":[],"class_list":{"0":"post-1182","1":"product","2":"type-product","3":"status-publish","4":"has-post-thumbnail","6":"product_cat-prilohy","8":"first","9":"instock","10":"taxable","11":"shipping-taxable","12":"purchasable","13":"product-type-simple"},"jetpack_sharing_enabled":true,"_links":{"self":[{"href":"https:\/\/speedybaits.sk\/cs\/wp-json\/wp\/v2\/product\/1182","targetHints":{"allow":["GET"]}}],"collection":[{"href":"https:\/\/speedybaits.sk\/cs\/wp-json\/wp\/v2\/product"}],"about":[{"href":"https:\/\/speedybaits.sk\/cs\/wp-json\/wp\/v2\/types\/product"}],"version-history":[{"count":1,"href":"https:\/\/speedybaits.sk\/cs\/wp-json\/wp\/v2\/product\/1182\/revisions"}],"predecessor-version":[{"id":2501,"href":"https:\/\/speedybaits.sk\/cs\/wp-json\/wp\/v2\/product\/1182\/revisions\/2501"}],"wp:featuredmedia":[{"embeddable":true,"href":"https:\/\/speedybaits.sk\/cs\/wp-json\/wp\/v2\/media\/1180"}],"wp:attachment":[{"href":"https:\/\/speedybaits.sk\/cs\/wp-json\/wp\/v2\/media?parent=1182"}],"wp:term":[{"taxonomy":"product_brand","embeddable":true,"href":"https:\/\/speedybaits.sk\/cs\/wp-json\/wp\/v2\/product_brand?post=1182"},{"taxonomy":"product_cat","embeddable":true,"href":"https:\/\/speedybaits.sk\/cs\/wp-json\/wp\/v2\/product_cat?post=1182"},{"taxonomy":"product_tag","embeddable":true,"href":"https:\/\/speedybaits.sk\/cs\/wp-json\/wp\/v2\/product_tag?post=1182"}],"curies":[{"name":"wp","href":"https:\/\/api.w.org\/{rel}","templated":true}]}}