{"id":1113,"date":"2025-06-15T05:44:42","date_gmt":"2025-06-15T05:44:42","guid":{"rendered":"https:\/\/speedybaits.sk\/?product=hovadzi-gulas-se-zemiakmi-500g"},"modified":"2025-08-23T21:16:29","modified_gmt":"2025-08-23T21:16:29","slug":"hovadzi-gulas-se-zemiakmi-500g","status":"publish","type":"product","link":"https:\/\/speedybaits.sk\/cs\/produkt\/hovadzi-gulas-se-zemiakmi-500g\/","title":{"rendered":"KM Hov\u00e4dz\u00ed gul\u00e1\u0161 se zemiakmi,1 porcia (500g)"},"content":{"rendered":"<div class=\"shp-tabs-wrapper p-detail-tabs-wrapper\" style=\"border-top-style: none; border-top-width: 0px; clear: both; margin: 20px auto 0px; padding-top: 19px; position: relative; width: 360px; font-family: Verdana, sans-serif; font-size: 14px; font-style: normal; font-weight: 400; letter-spacing: normal; text-align: start; text-indent: 0px; text-transform: none; text-decoration: none;\">\n<div class=\"row\" style=\"margin-left: -20px; margin-right: -20px;\">\n<div class=\"col-sm-12\" style=\"min-height: 1px; padding-left: 20px; padding-right: 20px; position: relative;\">\n<div id=\"tab-content\" class=\"tab-content\" style=\"padding-left: 20px; padding-right: 20px; max-width: 710px; margin: 0px auto;\">\n<div id=\"tab-ingredients\" class=\"tab-pane fade active in\" style=\"opacity: 1; font-size: 15px; line-height: 33px;\">\n<div class=\"\" style=\"line-height: 2em; text-align: center;\">\n<p style=\"margin: 0px 0px 10px; line-height: 2em; text-align: center;\"><span style=\"line-height: 2em; text-align: center;\">zemiaky (40 %), hov\u00e4dzie m\u00e4so predn\u00e9 (24 %), hov\u00e4dz\u00ed v\u00fdvar (voda, hov\u00e4dzie m\u00e4so a kosti), cibu\u013ea, repkov\u00fd olej, ry\u017eov\u00e1 m\u00faka, kukuri\u010dn\u00e1 m\u00faka, raj\u010dinov\u00fd pretlak (voda, raj\u010dinov\u00fd pretlak, so\u013e), so\u013e kamenn\u00e1, paprika mlet\u00e1, cesnak, major\u00e1nka, rasca, \u010dierne korenie.<\/span><\/p>\n<p style=\"margin: 0px 0px 10px; line-height: 2em; text-align: center;\">\n<p style=\"margin: 0px 0px 10px; line-height: 2em; text-align: center;\"><strong style=\"font-weight: bold; line-height: 2em; text-align: center;\">Sp\u00f4sob pr\u00edpravy:<\/strong><span class=\"Apple-converted-space\">\u00a0<\/span>1) Vlo\u017ete krabi\u010dku do mikrovlnnej r\u00fary a zohrievajte cca 2 min\u00faty (700 W) alebo dok\u00fdm nebude jedlo tepl\u00e9. Obal v\u00fdrobku sa m\u00f4\u017ee teplom deformova\u0165. 2) Jedlo vyberte z vrec\u00fa\u0161ka na tanier a ohrievajte v mikrovlnnej r\u00fare cca 2 min\u00faty. 3) Vyberte vrec\u00fa\u0161ka z papierov\u00e9ho obalu a obe uzatvoren\u00e9 vrec\u00fa\u0161ka vlo\u017ete do hrnca (\u010di r\u00fdchlovarnej kanvice) s vriacou vodou na cca 10 min\u00fat.<\/p>\n<p style=\"margin: 0px 0px 10px; line-height: 2em; text-align: center;\">\n<p style=\"margin: 0px 0px 10px; line-height: 2em; text-align: center;\"><strong style=\"font-weight: bold; line-height: 2em; text-align: center;\">Skladovanie<\/strong>: Skladujte pri teplote od + 1 \u00b0C do + 30 \u00b0C. Otvoren\u00fd v\u00fdrobok uskladnite v chladni\u010dke a spotrebujte do 48 hod\u00edn.<br \/>\n<strong style=\"font-weight: bold; line-height: 2em; text-align: center;\">Minim\u00e1lna trvanlivos\u0165 do:<\/strong><span class=\"Apple-converted-space\">\u00a0<\/span>vi\u010f obal.<\/p>\n<p style=\"margin: 0px 0px 10px; line-height: 2em; text-align: center;\"><strong style=\"font-weight: bold; line-height: 2em; text-align: center;\">Doba spotreby:<\/strong><span class=\"Apple-converted-space\">\u00a0<\/span>2 roky<\/p>\n<div id=\"gtx-trans\" style=\"line-height: 2em; text-align: center; position: absolute; left: 229px; top: 251.051px;\"><\/div>\n<\/div>\n<\/div>\n<\/div>\n<\/div>\n<\/div>\n<\/div>\n<div class=\"mjs-detail-anchors-wrap container\" style=\"margin: 0px auto 60px; padding-left: 20px; padding-right: 20px; flex-flow: wrap; justify-content: center; align-items: center; width: 360px; font-family: Verdana, sans-serif; font-size: 14px; font-style: normal; font-weight: 400; letter-spacing: normal; text-align: start; text-indent: 0px; text-transform: none; text-decoration: none;\">\n<div class=\"mjs-detail-anchors-item\" style=\"flex-basis: 20%; margin-top: 0px; padding: 0px 5px;\"><a style=\"background-color: transparent; color: var(--color-primary); text-decoration: none;\" href=\"https:\/\/vo.expresmenu.sk\/km-hovadzi-gulas-s-opecenymi-zemiakmi\/#block-without-additives\" data-target=\"block-without-additives\"><img decoding=\"async\" style=\"border: 0px; vertical-align: middle; height: 100px; max-width: 100%;\" src=\"https:\/\/vo.expresmenu.sk\/user\/documents\/assets\/img\/detail\/sk\/icons\/without-additives.svg\" \/><\/a><\/div>\n<div class=\"mjs-detail-anchors-item\" style=\"flex-basis: 20%; margin-top: 0px; padding: 0px 5px;\"><a style=\"background-color: transparent; color: var(--color-primary); text-decoration: none;\" href=\"https:\/\/vo.expresmenu.sk\/km-hovadzi-gulas-s-opecenymi-zemiakmi\/#block-heating\" data-target=\"block-heating\"><img decoding=\"async\" style=\"border: 0px; vertical-align: middle; height: 100px; max-width: 100%;\" src=\"https:\/\/vo.expresmenu.sk\/user\/documents\/assets\/img\/detail\/sk\/icons\/heating.svg\" \/><\/a><\/div>\n<div class=\"mjs-detail-anchors-item\" style=\"flex-basis: 20%; margin-top: 0px; padding: 0px 5px;\"><img decoding=\"async\" style=\"border: 0px; vertical-align: middle; height: 100px; max-width: 100%;\" src=\"https:\/\/vo.expresmenu.sk\/user\/documents\/assets\/img\/detail\/sk\/icons\/lion.svg\" \/><\/div>\n<div class=\"mjs-detail-anchors-item\" style=\"flex-basis: 20%; margin-top: 0px; padding: 0px 5px;\"><a style=\"background-color: transparent; color: var(--color-primary); text-decoration: none;\" href=\"https:\/\/vo.expresmenu.sk\/km-hovadzi-gulas-s-opecenymi-zemiakmi\/#block-storage\" data-target=\"block-storage\"><img decoding=\"async\" style=\"border: 0px; vertical-align: middle; height: 100px; max-width: 100%;\" src=\"https:\/\/vo.expresmenu.sk\/user\/documents\/assets\/img\/detail\/sk\/icons\/storage.svg\" \/><\/a><\/div>\n<div class=\"mjs-detail-anchors-item\" style=\"flex-basis: 20%; margin-top: 0px; padding: 0px 5px;\"><a style=\"background-color: transparent; color: var(--color-primary); text-decoration: none;\" href=\"https:\/\/vo.expresmenu.sk\/km-hovadzi-gulas-s-opecenymi-zemiakmi\/#block-gluten-free\" data-target=\"block-gluten-free\"><img decoding=\"async\" style=\"border: 0px; vertical-align: middle; height: 100px; max-width: 100%;\" src=\"https:\/\/vo.expresmenu.sk\/user\/documents\/assets\/img\/detail\/sk\/icons\/gluten-free.svg\" \/><\/a><\/div>\n<div class=\"mjs-detail-anchors-item\" style=\"flex-basis: 20%; margin-top: 0px; padding: 0px 5px;\"><a style=\"background-color: transparent; color: var(--color-primary); text-decoration: none;\" href=\"https:\/\/vo.expresmenu.sk\/km-hovadzi-gulas-s-opecenymi-zemiakmi\/#block-quality\" data-target=\"block-quality\"><img decoding=\"async\" style=\"border: 0px; vertical-align: middle; height: 100px; max-width: 100%;\" src=\"https:\/\/vo.expresmenu.sk\/user\/documents\/assets\/img\/detail\/sk\/icons\/quality.svg\" \/><\/a><\/div>\n<div class=\"mjs-detail-anchors-item\" style=\"flex-basis: 20%; margin-top: 0px; padding: 0px 5px;\"><a style=\"background-color: transparent; color: var(--color-primary); text-decoration: none;\" href=\"https:\/\/vo.expresmenu.sk\/km-hovadzi-gulas-s-opecenymi-zemiakmi\/#block-production\" data-target=\"block-production\"><img decoding=\"async\" style=\"border: 0px; vertical-align: middle; height: 100px; max-width: 100%;\" src=\"https:\/\/vo.expresmenu.sk\/user\/documents\/assets\/img\/detail\/sk\/icons\/production.svg\" \/><\/a><\/div>\n<div class=\"mjs-detail-anchors-item\" style=\"flex-basis: 20%; margin-top: 0px; padding: 0px 5px;\"><a style=\"background-color: transparent; color: var(--color-primary); text-decoration: none;\" href=\"https:\/\/vo.expresmenu.sk\/km-hovadzi-gulas-s-opecenymi-zemiakmi\/#block-balance\" data-target=\"block-balance\"><img decoding=\"async\" style=\"border: 0px; vertical-align: middle; height: 100px; max-width: 100%;\" src=\"https:\/\/vo.expresmenu.sk\/user\/documents\/assets\/img\/detail\/sk\/icons\/balance.svg\" \/><\/a><\/div>\n<div class=\"mjs-detail-anchors-item\" style=\"flex-basis: 20%; margin-top: 0px; padding: 0px 5px;\"><a style=\"background-color: transparent; color: var(--color-primary); text-decoration: none;\" href=\"https:\/\/vo.expresmenu.sk\/km-hovadzi-gulas-s-opecenymi-zemiakmi\/#block-salt-content\" data-target=\"block-salt-content\"><img decoding=\"async\" style=\"border: 0px; vertical-align: middle; height: 100px; max-width: 100%;\" src=\"https:\/\/vo.expresmenu.sk\/user\/documents\/assets\/img\/detail\/sk\/icons\/salt-content.svg\" \/><\/a><\/div>\n<\/div>\n<p>&nbsp;<\/p>","protected":false},"excerpt":{"rendered":"<p><span style=\"font-family: Verdana, sans-serif; font-size: 15px; font-style: normal; font-weight: 400; letter-spacing: normal; text-align: center; text-indent: 0px; text-transform: none; text-decoration: none; float: none;\">Chud\u00e9 k\u00fasky hov\u00e4dzieho m\u00e4sa dusen\u00e9 dom\u00e4kka v om\u00e1\u010dke na cibu\u013eovom z\u00e1klade so sladkou paprikou, dochuten\u00e9 cesnakom a major\u00e1nkou, doplnen\u00e9 zemiakmi.<\/span><\/p>\n<div class=\"shp-tabs-wrapper p-detail-tabs-wrapper\" style=\"border-top-style: none; border-top-width: 0px; clear: both; margin: 20px auto 0px; padding-top: 19px; position: relative; width: 360px; font-family: Verdana, sans-serif; font-size: 14px; font-style: normal; font-weight: 400; letter-spacing: normal; text-align: start; text-indent: 0px; text-transform: none; text-decoration: none;\">\n<div class=\"row\" style=\"margin-left: -20px; margin-right: -20px;\">\n<div class=\"col-sm-12\" style=\"min-height: 1px; padding-left: 20px; padding-right: 20px; position: relative;\">\n<div id=\"tab-content\" class=\"tab-content\" style=\"padding-left: 20px; padding-right: 20px; max-width: 710px; margin: 0px auto;\">\n<div id=\"tab-ingredients\" class=\"tab-pane fade active in\" style=\"opacity: 1; font-size: 15px; line-height: 33px;\">\n<div class=\"\" style=\"line-height: 2em; text-align: center;\">\n<p style=\"margin: 0px 0px 10px; line-height: 2em; text-align: center;\">Zlo\u017eenie<span style=\"line-height: 2em; text-align: center;\">:zemiaky (40 %), hov\u00e4dzie m\u00e4so predn\u00e9 (24 %), hov\u00e4dz\u00ed v\u00fdvar (voda, hov\u00e4dzie m\u00e4so a kosti), cibu\u013ea, repkov\u00fd olej, ry\u017eov\u00e1 m\u00faka, kukuri\u010dn\u00e1 m\u00faka, raj\u010dinov\u00fd pretlak (voda, raj\u010dinov\u00fd pretlak, so\u013e), so\u013e kamenn\u00e1, paprika mlet\u00e1, cesnak, major\u00e1nka, rasca, \u010dierne korenie.<\/span><\/p>\n<p style=\"margin: 0px 0px 10px; line-height: 2em; text-align: center;\">\n<p style=\"margin: 0px 0px 10px; line-height: 2em; text-align: center;\"><strong style=\"font-weight: bold; line-height: 2em; text-align: center;\">Sp\u00f4sob pr\u00edpravy:<\/strong><span class=\"Apple-converted-space\">\u00a0<\/span>1) Vlo\u017ete krabi\u010dku do mikrovlnnej r\u00fary a zohrievajte cca 2 min\u00faty (700 W) alebo dok\u00fdm nebude jedlo tepl\u00e9. Obal v\u00fdrobku sa m\u00f4\u017ee teplom deformova\u0165. 2) Jedlo vyberte z vrec\u00fa\u0161ka na tanier a ohrievajte v mikrovlnnej r\u00fare cca 2 min\u00faty. 3) Vyberte vrec\u00fa\u0161ka z papierov\u00e9ho obalu a obe uzatvoren\u00e9 vrec\u00fa\u0161ka vlo\u017ete do hrnca (\u010di r\u00fdchlovarnej kanvice) s vriacou vodou na cca 10 min\u00fat.<\/p>\n<p style=\"margin: 0px 0px 10px; line-height: 2em; text-align: center;\">\n<p style=\"margin: 0px 0px 10px; line-height: 2em; text-align: center;\"><strong style=\"font-weight: bold; line-height: 2em; text-align: center;\">Skladovanie<\/strong>: Skladujte pri teplote od + 1 \u00b0C do + 30 \u00b0C. Otvoren\u00fd v\u00fdrobok uskladnite v chladni\u010dke a spotrebujte do 48 hod\u00edn.<br \/>\n<strong style=\"font-weight: bold; line-height: 2em; text-align: center;\">Minim\u00e1lna trvanlivos\u0165 do:<\/strong><span class=\"Apple-converted-space\">\u00a0<\/span>vi\u010f obal.<\/p>\n<p style=\"margin: 0px 0px 10px; line-height: 2em; text-align: center;\"><strong style=\"font-weight: bold; line-height: 2em; text-align: center;\">Doba spotreby:<\/strong><span class=\"Apple-converted-space\">\u00a0<\/span>2 roky<\/p>\n<div id=\"gtx-trans\" style=\"line-height: 2em; text-align: center; position: absolute; left: 229px; top: 251.051px;\"><\/div>\n<\/div>\n<\/div>\n<\/div>\n<\/div>\n<\/div>\n<\/div>\n<div class=\"mjs-detail-anchors-wrap container\" style=\"margin: 0px auto 60px; padding-left: 20px; padding-right: 20px; flex-flow: wrap; justify-content: center; align-items: center; width: 360px; font-family: Verdana, sans-serif; font-size: 14px; font-style: normal; font-weight: 400; letter-spacing: normal; text-align: start; text-indent: 0px; text-transform: none; text-decoration: none;\">\n<div class=\"mjs-detail-anchors-item\" style=\"flex-basis: 20%; margin-top: 0px; padding: 0px 5px;\"><a style=\"background-color: transparent; color: var(--color-primary); text-decoration: none;\" href=\"https:\/\/vo.expresmenu.sk\/km-hovadzi-gulas-s-opecenymi-zemiakmi\/#block-without-additives\" data-target=\"block-without-additives\"><img decoding=\"async\" style=\"border: 0px; vertical-align: middle; height: 100px; max-width: 100%;\" src=\"https:\/\/vo.expresmenu.sk\/user\/documents\/assets\/img\/detail\/sk\/icons\/without-additives.svg\" \/><\/a><\/div>\n<div class=\"mjs-detail-anchors-item\" style=\"flex-basis: 20%; margin-top: 0px; padding: 0px 5px;\"><a style=\"background-color: transparent; color: var(--color-primary); text-decoration: none;\" href=\"https:\/\/vo.expresmenu.sk\/km-hovadzi-gulas-s-opecenymi-zemiakmi\/#block-heating\" data-target=\"block-heating\"><img decoding=\"async\" style=\"border: 0px; vertical-align: middle; height: 100px; max-width: 100%;\" src=\"https:\/\/vo.expresmenu.sk\/user\/documents\/assets\/img\/detail\/sk\/icons\/heating.svg\" \/><\/a><\/div>\n<div class=\"mjs-detail-anchors-item\" style=\"flex-basis: 20%; margin-top: 0px; padding: 0px 5px;\"><img decoding=\"async\" style=\"border: 0px; vertical-align: middle; height: 100px; max-width: 100%;\" src=\"https:\/\/vo.expresmenu.sk\/user\/documents\/assets\/img\/detail\/sk\/icons\/lion.svg\" \/><\/div>\n<div class=\"mjs-detail-anchors-item\" style=\"flex-basis: 20%; margin-top: 0px; padding: 0px 5px;\"><a style=\"background-color: transparent; color: var(--color-primary); text-decoration: none;\" href=\"https:\/\/vo.expresmenu.sk\/km-hovadzi-gulas-s-opecenymi-zemiakmi\/#block-storage\" data-target=\"block-storage\"><img decoding=\"async\" style=\"border: 0px; vertical-align: middle; height: 100px; max-width: 100%;\" src=\"https:\/\/vo.expresmenu.sk\/user\/documents\/assets\/img\/detail\/sk\/icons\/storage.svg\" \/><\/a><\/div>\n<div class=\"mjs-detail-anchors-item\" style=\"flex-basis: 20%; margin-top: 0px; padding: 0px 5px;\"><a style=\"background-color: transparent; color: var(--color-primary); text-decoration: none;\" href=\"https:\/\/vo.expresmenu.sk\/km-hovadzi-gulas-s-opecenymi-zemiakmi\/#block-gluten-free\" data-target=\"block-gluten-free\"><img decoding=\"async\" style=\"border: 0px; vertical-align: middle; height: 100px; max-width: 100%;\" src=\"https:\/\/vo.expresmenu.sk\/user\/documents\/assets\/img\/detail\/sk\/icons\/gluten-free.svg\" \/><\/a><\/div>\n<div class=\"mjs-detail-anchors-item\" style=\"flex-basis: 20%; margin-top: 0px; padding: 0px 5px;\"><a style=\"background-color: transparent; color: var(--color-primary); text-decoration: none;\" href=\"https:\/\/vo.expresmenu.sk\/km-hovadzi-gulas-s-opecenymi-zemiakmi\/#block-quality\" data-target=\"block-quality\"><img decoding=\"async\" style=\"border: 0px; vertical-align: middle; height: 100px; max-width: 100%;\" src=\"https:\/\/vo.expresmenu.sk\/user\/documents\/assets\/img\/detail\/sk\/icons\/quality.svg\" \/><\/a><\/div>\n<div class=\"mjs-detail-anchors-item\" style=\"flex-basis: 20%; margin-top: 0px; padding: 0px 5px;\"><a style=\"background-color: transparent; color: var(--color-primary); text-decoration: none;\" href=\"https:\/\/vo.expresmenu.sk\/km-hovadzi-gulas-s-opecenymi-zemiakmi\/#block-production\" data-target=\"block-production\"><img decoding=\"async\" style=\"border: 0px; vertical-align: middle; height: 100px; max-width: 100%;\" src=\"https:\/\/vo.expresmenu.sk\/user\/documents\/assets\/img\/detail\/sk\/icons\/production.svg\" \/><\/a><\/div>\n<div class=\"mjs-detail-anchors-item\" style=\"flex-basis: 20%; margin-top: 0px; padding: 0px 5px;\"><a style=\"background-color: transparent; color: var(--color-primary); text-decoration: none;\" href=\"https:\/\/vo.expresmenu.sk\/km-hovadzi-gulas-s-opecenymi-zemiakmi\/#block-balance\" data-target=\"block-balance\"><img decoding=\"async\" style=\"border: 0px; vertical-align: middle; height: 100px; max-width: 100%;\" src=\"https:\/\/vo.expresmenu.sk\/user\/documents\/assets\/img\/detail\/sk\/icons\/balance.svg\" \/><\/a><\/div>\n<div class=\"mjs-detail-anchors-item\" style=\"flex-basis: 20%; margin-top: 0px; padding: 0px 5px;\"><a style=\"background-color: transparent; color: var(--color-primary); text-decoration: none;\" href=\"https:\/\/vo.expresmenu.sk\/km-hovadzi-gulas-s-opecenymi-zemiakmi\/#block-salt-content\" data-target=\"block-salt-content\"><img decoding=\"async\" style=\"border: 0px; vertical-align: middle; height: 100px; max-width: 100%;\" src=\"https:\/\/vo.expresmenu.sk\/user\/documents\/assets\/img\/detail\/sk\/icons\/salt-content.svg\" \/><\/a><\/div>\n<\/div>\n<p>&nbsp;<\/p>","protected":false},"featured_media":1112,"template":"","meta":{"advanced_seo_description":"","jetpack_seo_html_title":"","jetpack_seo_noindex":false},"product_brand":[],"product_cat":[91],"product_tag":[],"class_list":{"0":"post-1113","1":"product","2":"type-product","3":"status-publish","4":"has-post-thumbnail","6":"product_cat-jedla-s-prilohou","8":"first","9":"outofstock","10":"taxable","11":"shipping-taxable","12":"purchasable","13":"product-type-simple"},"jetpack_sharing_enabled":true,"_links":{"self":[{"href":"https:\/\/speedybaits.sk\/cs\/wp-json\/wp\/v2\/product\/1113","targetHints":{"allow":["GET"]}}],"collection":[{"href":"https:\/\/speedybaits.sk\/cs\/wp-json\/wp\/v2\/product"}],"about":[{"href":"https:\/\/speedybaits.sk\/cs\/wp-json\/wp\/v2\/types\/product"}],"version-history":[{"count":1,"href":"https:\/\/speedybaits.sk\/cs\/wp-json\/wp\/v2\/product\/1113\/revisions"}],"predecessor-version":[{"id":2514,"href":"https:\/\/speedybaits.sk\/cs\/wp-json\/wp\/v2\/product\/1113\/revisions\/2514"}],"wp:featuredmedia":[{"embeddable":true,"href":"https:\/\/speedybaits.sk\/cs\/wp-json\/wp\/v2\/media\/1112"}],"wp:attachment":[{"href":"https:\/\/speedybaits.sk\/cs\/wp-json\/wp\/v2\/media?parent=1113"}],"wp:term":[{"taxonomy":"product_brand","embeddable":true,"href":"https:\/\/speedybaits.sk\/cs\/wp-json\/wp\/v2\/product_brand?post=1113"},{"taxonomy":"product_cat","embeddable":true,"href":"https:\/\/speedybaits.sk\/cs\/wp-json\/wp\/v2\/product_cat?post=1113"},{"taxonomy":"product_tag","embeddable":true,"href":"https:\/\/speedybaits.sk\/cs\/wp-json\/wp\/v2\/product_tag?post=1113"}],"curies":[{"name":"wp","href":"https:\/\/api.w.org\/{rel}","templated":true}]}}