{"id":1088,"date":"2025-06-14T17:12:51","date_gmt":"2025-06-14T17:12:51","guid":{"rendered":"https:\/\/speedybaits.sk\/?post_type=product&#038;p=1088"},"modified":"2025-08-23T21:16:36","modified_gmt":"2025-08-23T21:16:36","slug":"boilies-korenista-pecen","status":"publish","type":"product","link":"https:\/\/speedybaits.sk\/cs\/produkt\/boilies-korenista-pecen\/","title":{"rendered":"Boilies KORENIST\u00c1 PE\u010cE\u0147 1kg"},"content":{"rendered":"<p>Chu\u0165ovo a\u00a0aromaticky siln\u00e9 boilies, s\u00a0ve\u013ekou d\u00e1vkou Robin Redu, pe\u010dene a\u00a0jemn\u00fdm n\u00e1dychom cesnaku. Vynikaj\u00faca do chladnej vody av\u0161ak kr\u00e1sne \u00falovky dosahovala aj v\u00a0hor\u00facich d\u0148och, ke\u010f pr\u00e1ve t\u00e1to kombin\u00e1cia chut\u00ed a\u00a0v\u00f4n\u00ed dok\u00e1zala vyprovokova\u0165 aj letargick\u00e9 ryby.<\/p>\n<p>Boilies with a\u00a0strong taste and aroma, with a\u00a0large dose of Robin Red, liver and subtle hint of garlic. Excellent for cold water, but it achieved beautiful catches even on hot days, when this combination of flavors and aromas managed to impress even lethargic fish.<\/p>","protected":false},"excerpt":{"rendered":"<p>Chu\u0165ovo a\u00a0aromaticky siln\u00e9 boilies, s\u00a0ve\u013ekou d\u00e1vkou Robin Redu, pe\u010dene a\u00a0jemn\u00fdm n\u00e1dychom cesnaku. Vynikaj\u00faca do chladnej vody av\u0161ak kr\u00e1sne \u00falovky dosahovala aj v\u00a0hor\u00facich d\u0148och, ke\u010f pr\u00e1ve t\u00e1to kombin\u00e1cia chut\u00ed a\u00a0v\u00f4n\u00ed dok\u00e1zala vyprovokova\u0165 aj letargick\u00e9 ryby.<\/p>\n<p>Boilies with a\u00a0strong taste and aroma, with a\u00a0large dose of Robin Red, liver and subtle hint of garlic. Excellent for cold water, but it achieved beautiful catches even on hot days, when this combination of flavors and aromas managed to impress even lethargic fish.<\/p>","protected":false},"featured_media":1087,"template":"","meta":{"advanced_seo_description":"","jetpack_seo_html_title":"","jetpack_seo_noindex":false},"product_brand":[],"product_cat":[55],"product_tag":[],"class_list":{"0":"post-1088","1":"product","2":"type-product","3":"status-publish","4":"has-post-thumbnail","6":"product_cat-excelent-boilies","7":"pa_priemer-20mm","8":"pa_priemer-24mm","10":"first","11":"instock","12":"taxable","13":"shipping-taxable","14":"purchasable","15":"product-type-variable"},"jetpack_sharing_enabled":true,"_links":{"self":[{"href":"https:\/\/speedybaits.sk\/cs\/wp-json\/wp\/v2\/product\/1088","targetHints":{"allow":["GET"]}}],"collection":[{"href":"https:\/\/speedybaits.sk\/cs\/wp-json\/wp\/v2\/product"}],"about":[{"href":"https:\/\/speedybaits.sk\/cs\/wp-json\/wp\/v2\/types\/product"}],"version-history":[{"count":1,"href":"https:\/\/speedybaits.sk\/cs\/wp-json\/wp\/v2\/product\/1088\/revisions"}],"predecessor-version":[{"id":2517,"href":"https:\/\/speedybaits.sk\/cs\/wp-json\/wp\/v2\/product\/1088\/revisions\/2517"}],"wp:featuredmedia":[{"embeddable":true,"href":"https:\/\/speedybaits.sk\/cs\/wp-json\/wp\/v2\/media\/1087"}],"wp:attachment":[{"href":"https:\/\/speedybaits.sk\/cs\/wp-json\/wp\/v2\/media?parent=1088"}],"wp:term":[{"taxonomy":"product_brand","embeddable":true,"href":"https:\/\/speedybaits.sk\/cs\/wp-json\/wp\/v2\/product_brand?post=1088"},{"taxonomy":"product_cat","embeddable":true,"href":"https:\/\/speedybaits.sk\/cs\/wp-json\/wp\/v2\/product_cat?post=1088"},{"taxonomy":"product_tag","embeddable":true,"href":"https:\/\/speedybaits.sk\/cs\/wp-json\/wp\/v2\/product_tag?post=1088"}],"curies":[{"name":"wp","href":"https:\/\/api.w.org\/{rel}","templated":true}]}}