{"id":1066,"date":"2025-06-14T14:38:05","date_gmt":"2025-06-14T14:38:05","guid":{"rendered":"https:\/\/speedybaits.sk\/?post_type=product&#038;p=1066"},"modified":"2026-04-11T08:06:19","modified_gmt":"2026-04-11T08:06:19","slug":"krill","status":"publish","type":"product","link":"https:\/\/speedybaits.sk\/cs\/produkt\/krill\/","title":{"rendered":"Boilies  KRILL 1 kg"},"content":{"rendered":"<div class=\"p-short-description\" data-testid=\"productCardShortDescr\">\n<p style=\"margin: 0px 0px 19px;\">Boilies bez kompromisov. Siln\u00e1 krillov\u00e1 guli\u010dka, na ktor\u00fa sa m\u00f4\u017eete spo\u013eahn\u00fa\u0165 po\u010das cel\u00e9ho roka. Aby sme sa odl\u00ed\u0161ili od konkurencie, zmes sme obohatili o siln\u00fa d\u00e1vku pe\u010dene a jemn\u00fd n\u00e1dych esencie frankfurtsk\u00e1 klob\u00e1sa. T\u00e1to kombin\u00e1cia n\u00e1m fungovala na v\u0161etk\u00fdch typoch v\u00f4d a na konto si prip\u00edsala naozaj kapit\u00e1lne \u00falovky.<\/p>\n<p style=\"margin: 0px 0px 19px;\">Boilies without compromise. A\u00a0strong krill boilie that you can rely on throughout the year. In order to differentiate ourselves from the competition, we enriched the mixture with a\u00a0strong dose of liver and a\u00a0subtle touch of the essence of Frankfurt sausage. This combination worked for us on all types of water and resulted in really capital catches.<\/p>\n<\/div>","protected":false},"excerpt":{"rendered":"<p>Boilies bez kompromisov. Siln\u00e1 krillov\u00e1 guli\u010dka, na ktor\u00fa sa m\u00f4\u017eete spo\u013eahn\u00fa\u0165 po\u010das cel\u00e9ho roka. Aby sme sa odl\u00ed\u0161ili od konkurencie, zmes sme obohatili o siln\u00fa d\u00e1vku pe\u010dene a jemn\u00fd n\u00e1dych esencie frankfurtsk\u00e1 klob\u00e1sa. T\u00e1to kombin\u00e1cia n\u00e1m fungovala na v\u0161etk\u00fdch typoch v\u00f4d a na konto si prip\u00edsala naozaj kapit\u00e1lne \u00falovky.<\/p>\n<p>Boilies without compromise. A\u00a0strong krill boilie that you can rely on throughout the year. In order to differentiate ourselves from the competition, we enriched the mixture with a\u00a0strong dose of liver and a\u00a0subtle touch of the essence of Frankfurt sausage. This combination worked for us on all types of water and resulted in really capital catches.<\/p>","protected":false},"featured_media":1074,"template":"","meta":{"advanced_seo_description":"","jetpack_seo_html_title":"","jetpack_seo_noindex":false},"product_brand":[],"product_cat":[55],"product_tag":[],"class_list":{"0":"post-1066","1":"product","2":"type-product","3":"status-publish","4":"has-post-thumbnail","6":"product_cat-excelent-boilies","7":"pa_priemer-20mm","8":"pa_priemer-24mm","10":"first","11":"instock","12":"taxable","13":"shipping-taxable","14":"purchasable","15":"product-type-variable"},"jetpack_sharing_enabled":true,"_links":{"self":[{"href":"https:\/\/speedybaits.sk\/cs\/wp-json\/wp\/v2\/product\/1066","targetHints":{"allow":["GET"]}}],"collection":[{"href":"https:\/\/speedybaits.sk\/cs\/wp-json\/wp\/v2\/product"}],"about":[{"href":"https:\/\/speedybaits.sk\/cs\/wp-json\/wp\/v2\/types\/product"}],"version-history":[{"count":1,"href":"https:\/\/speedybaits.sk\/cs\/wp-json\/wp\/v2\/product\/1066\/revisions"}],"predecessor-version":[{"id":2518,"href":"https:\/\/speedybaits.sk\/cs\/wp-json\/wp\/v2\/product\/1066\/revisions\/2518"}],"wp:featuredmedia":[{"embeddable":true,"href":"https:\/\/speedybaits.sk\/cs\/wp-json\/wp\/v2\/media\/1074"}],"wp:attachment":[{"href":"https:\/\/speedybaits.sk\/cs\/wp-json\/wp\/v2\/media?parent=1066"}],"wp:term":[{"taxonomy":"product_brand","embeddable":true,"href":"https:\/\/speedybaits.sk\/cs\/wp-json\/wp\/v2\/product_brand?post=1066"},{"taxonomy":"product_cat","embeddable":true,"href":"https:\/\/speedybaits.sk\/cs\/wp-json\/wp\/v2\/product_cat?post=1066"},{"taxonomy":"product_tag","embeddable":true,"href":"https:\/\/speedybaits.sk\/cs\/wp-json\/wp\/v2\/product_tag?post=1066"}],"curies":[{"name":"wp","href":"https:\/\/api.w.org\/{rel}","templated":true}]}}