{"id":1039,"date":"2025-06-13T18:21:41","date_gmt":"2025-06-13T18:21:41","guid":{"rendered":"https:\/\/speedybaits.sk\/?post_type=product&#038;p=1039"},"modified":"2026-04-11T08:06:19","modified_gmt":"2026-04-11T08:06:19","slug":"boilies-glm-pecen","status":"publish","type":"product","link":"https:\/\/speedybaits.sk\/cs\/produkt\/boilies-glm-pecen\/","title":{"rendered":"Boilies  GLM PE\u010cE\u0147 1kg"},"content":{"rendered":"<p>Nadupan\u00e9 boilies plne extraktov, ryb\u00edch m\u00fa\u010dok a\u00a0tekut\u00fdch potr\u00e1v. Siln\u00e1 mu\u0161\u013eov\u00e1 ar\u00f3ma d\u00e1va tomuto boilies l\u00e1kav\u00fa stopu, ktorej kapre nevedia odola\u0165. Funguje celoro\u010dne, no naplno prejav\u00ed svoju silu vo vode nad 15 stup\u0148ov, kedy rozto\u010di\u0165 koloto\u010d z\u00e1berov.<\/p>\n<p>Our GLM boilies is full of extracts, fish meal and liquid food, The strong mussel aroma gives this boilies an enticing trail that carp cannot resist. It works all year round, but it fully shows its power in water above 15 degrees.<\/p>","protected":false},"excerpt":{"rendered":"<p>Nadupan\u00e9 boilies plne extraktov, ryb\u00edch m\u00fa\u010dok a\u00a0tekut\u00fdch potr\u00e1v. Siln\u00e1 mu\u0161\u013eov\u00e1 ar\u00f3ma d\u00e1va tomuto boilies l\u00e1kav\u00fa stopu, ktorej kapre nevedia odola\u0165. Funguje celoro\u010dne, no naplno prejav\u00ed svoju silu vo vode nad 15 stup\u0148ov, kedy rozto\u010di\u0165 koloto\u010d z\u00e1berov.<\/p>\n<p>Our GLM boilies is full of extracts, fish meal and liquid food, The strong mussel aroma gives this boilies an enticing trail that carp cannot resist. It works all year round, but it fully shows its power in water above 15 degrees.<\/p>","protected":false},"featured_media":1041,"template":"","meta":{"advanced_seo_description":"","jetpack_seo_html_title":"","jetpack_seo_noindex":false},"product_brand":[],"product_cat":[55],"product_tag":[],"class_list":{"0":"post-1039","1":"product","2":"type-product","3":"status-publish","4":"has-post-thumbnail","6":"product_cat-excelent-boilies","7":"pa_priemer-20mm","8":"pa_priemer-24mm","10":"first","11":"instock","12":"taxable","13":"shipping-taxable","14":"purchasable","15":"product-type-variable"},"jetpack_sharing_enabled":true,"_links":{"self":[{"href":"https:\/\/speedybaits.sk\/cs\/wp-json\/wp\/v2\/product\/1039","targetHints":{"allow":["GET"]}}],"collection":[{"href":"https:\/\/speedybaits.sk\/cs\/wp-json\/wp\/v2\/product"}],"about":[{"href":"https:\/\/speedybaits.sk\/cs\/wp-json\/wp\/v2\/types\/product"}],"version-history":[{"count":1,"href":"https:\/\/speedybaits.sk\/cs\/wp-json\/wp\/v2\/product\/1039\/revisions"}],"predecessor-version":[{"id":2520,"href":"https:\/\/speedybaits.sk\/cs\/wp-json\/wp\/v2\/product\/1039\/revisions\/2520"}],"wp:featuredmedia":[{"embeddable":true,"href":"https:\/\/speedybaits.sk\/cs\/wp-json\/wp\/v2\/media\/1041"}],"wp:attachment":[{"href":"https:\/\/speedybaits.sk\/cs\/wp-json\/wp\/v2\/media?parent=1039"}],"wp:term":[{"taxonomy":"product_brand","embeddable":true,"href":"https:\/\/speedybaits.sk\/cs\/wp-json\/wp\/v2\/product_brand?post=1039"},{"taxonomy":"product_cat","embeddable":true,"href":"https:\/\/speedybaits.sk\/cs\/wp-json\/wp\/v2\/product_cat?post=1039"},{"taxonomy":"product_tag","embeddable":true,"href":"https:\/\/speedybaits.sk\/cs\/wp-json\/wp\/v2\/product_tag?post=1039"}],"curies":[{"name":"wp","href":"https:\/\/api.w.org\/{rel}","templated":true}]}}