{"id":1526,"date":"2025-06-16T14:43:56","date_gmt":"2025-06-16T14:43:56","guid":{"rendered":"https:\/\/speedybaits.sk\/zasady-pouzivania-suborov-cookie-eu\/"},"modified":"2025-06-16T17:27:17","modified_gmt":"2025-06-16T17:27:17","slug":"zasady-pouzivania-suborov-cookie-eu","status":"publish","type":"page","link":"https:\/\/speedybaits.sk\/cs\/zasady-pouzivania-suborov-cookie-eu\/","title":{"rendered":"Z\u00e1sady pou\u017e\u00edv\u00e1n\u00ed soubor\u016f cookie  (E\u00da)"},"content":{"rendered":"<p>[cmplz-document type=&#8220;cookie-statement&#8220; region=&#8220;eu&#8220;]<\/p>\n","protected":false},"excerpt":{"rendered":"<p>[cmplz-document type=&#8220;cookie-statement&#8220; region=&#8220;eu&#8220;]<\/p>\n","protected":false},"author":2,"featured_media":0,"parent":0,"menu_order":0,"comment_status":"closed","ping_status":"closed","template":"","meta":{"advanced_seo_description":"","jetpack_seo_html_title":"","jetpack_seo_noindex":false,"footnotes":""},"class_list":["post-1526","page","type-page","status-publish","hentry"],"jetpack_sharing_enabled":true,"_links":{"self":[{"href":"https:\/\/speedybaits.sk\/cs\/wp-json\/wp\/v2\/pages\/1526","targetHints":{"allow":["GET"]}}],"collection":[{"href":"https:\/\/speedybaits.sk\/cs\/wp-json\/wp\/v2\/pages"}],"about":[{"href":"https:\/\/speedybaits.sk\/cs\/wp-json\/wp\/v2\/types\/page"}],"author":[{"embeddable":true,"href":"https:\/\/speedybaits.sk\/cs\/wp-json\/wp\/v2\/users\/2"}],"replies":[{"embeddable":true,"href":"https:\/\/speedybaits.sk\/cs\/wp-json\/wp\/v2\/comments?post=1526"}],"version-history":[{"count":0,"href":"https:\/\/speedybaits.sk\/cs\/wp-json\/wp\/v2\/pages\/1526\/revisions"}],"wp:attachment":[{"href":"https:\/\/speedybaits.sk\/cs\/wp-json\/wp\/v2\/media?parent=1526"}],"curies":[{"name":"wp","href":"https:\/\/api.w.org\/{rel}","templated":true}]}}