{"id":1515,"date":"2025-06-16T14:25:23","date_gmt":"2025-06-16T14:25:23","guid":{"rendered":"https:\/\/speedybaits.sk\/?page_id=1515"},"modified":"2025-07-02T11:45:40","modified_gmt":"2025-07-02T11:45:40","slug":"obchone-podmienky","status":"publish","type":"page","link":"https:\/\/speedybaits.sk\/cs\/obchone-podmienky\/","title":{"rendered":"Obchodn\u00ed podm\u00ednky"},"content":{"rendered":"<div data-elementor-type=\"wp-page\" data-elementor-id=\"1515\" class=\"elementor elementor-1515\" data-elementor-post-type=\"page\">\n\t\t\t\t<div class=\"wd-negative-gap elementor-element elementor-element-cf9edcd e-flex e-con-boxed e-con e-parent\" data-id=\"cf9edcd\" data-element_type=\"container\" data-e-type=\"container\">\n\t\t\t\t\t<div class=\"e-con-inner\">\n\t\t\t\t<div class=\"elementor-element elementor-element-472a777 elementor-widget elementor-widget-wd_text_block\" data-id=\"472a777\" data-element_type=\"widget\" data-e-type=\"widget\" data-widget_type=\"wd_text_block.default\">\n\t\t\t\t<div class=\"elementor-widget-container\">\n\t\t\t\t\t\t\t<div class=\"wd-text-block reset-last-child text-left\">\n\t\t\t\n\t\t\t<header><p class=\"p1\">V\u0160EOBECN\u00c9 OBCHODN\u00c9 PODMIENKY INTERNETOV\u00c9HO OBCHODU SPEEDY BAITS (E-SHOP)<\/p><p class=\"p1\">Platn\u00e9 od: 1. j\u00fala 2025<\/p><p class=\"p3\"><b>\u010cL\u00c1NOK I. - VYMEDZENIE POJMOV<\/b><b><\/b><\/p><p class=\"p4\">\u00a0<\/p><ol start=\"1\"><li><p class=\"p1\">Prev\u00e1dzkovate\u013eom a pred\u00e1vaj\u00facim je spolo\u010dnos\u0165 SPEEDY COMPANY s. r. o., Pod Papier\u0148ou 33\/06, 085 01 Bardejov, I\u010cO: 53172574, e-mail: info@speedybaits.sk, tel.: 0944 18 12 18.<\/p><\/li><li><p class=\"p1\">Kupuj\u00facim je ka\u017ed\u00fd n\u00e1v\u0161tevn\u00edk e-shopu, ktor\u00fd prostredn\u00edctvom neho vytvoril z\u00e1v\u00e4zn\u00fa objedn\u00e1vku.<\/p><\/li><li><p class=\"p1\">Spotrebite\u013eom sa rozumie fyzick\u00e1 osoba, ktor\u00e1 pri uzatv\u00e1ran\u00ed a plnen\u00ed spotrebite\u013esk\u00e9j zmluvy nekon\u00e1 v r\u00e1mci predmetu svojej podnikate\u013eskej \u010dinnosti, zamestnania alebo povolania.<\/p><\/li><li><p class=\"p1\">E-shopom sa rozumie internetov\u00fd syst\u00e9m pr\u00edstupn\u00fd verejnosti na adrese www.speedybaits.sk, umo\u017e\u0148uj\u00faci dia\u013ekov\u00e9 objedn\u00e1vanie tovaru.<\/p><\/li><li><p class=\"p1\">Tovarom s\u00fa v\u0161etky produkty zverejnen\u00e9 v e-shope, ktor\u00e9 maj\u00fa uveden\u00fa cenu.<\/p><\/li><li><p class=\"p1\">Elektronick\u00e1 komunik\u00e1cia medzi pred\u00e1vaj\u00facim a kupuj\u00facim je platn\u00e1, ak je nesporn\u00e9, \u017ee komunikuj\u00facimi stranami s\u00fa uveden\u00e9 subjekty.<\/p><\/li><li><p class=\"p1\">\u017diados\u0165 o rezerv\u00e1ciu nie je objedn\u00e1vkou a nie je z\u00e1v\u00e4zn\u00fdm pr\u00e1vnym \u00fakonom. Pred\u00e1vaj\u00faci m\u00f4\u017ee rezerv\u00e1ciu kedyko\u013evek zru\u0161i\u0165. Tieto podmienky sa na rezerv\u00e1cie nevz\u0165ahuj\u00fa.<\/p><\/li><\/ol><p>\u00a0<\/p><p class=\"p3\"><b>\u010cL\u00c1NOK II. - CENY<\/b><b><\/b><\/p><p class=\"p4\">\u00a0<\/p><ol start=\"1\"><li><p class=\"p1\">V\u0161etky ceny s\u00fa uveden\u00e9 vr\u00e1tane DPH. Platn\u00e1 cena je cena uveden\u00e1 v \u010dase odoslania objedn\u00e1vky.<\/p><\/li><li><p class=\"p1\">Ceny v e-shope sa m\u00f4\u017eu odli\u0161ova\u0165 od cien na kamennej predajni.<\/p><\/li><\/ol><p>\u00a0<\/p><p class=\"p3\"><b>\u010cL\u00c1NOK III. - OBJEDN\u00c1VKA A UZAVRETIE ZMLUVY<\/b><b><\/b><\/p><p class=\"p4\">\u00a0<\/p><ol start=\"1\"><li><p class=\"p1\">Objedn\u00e1vka vznik\u00e1 vyplnen\u00edm a odoslan\u00edm formul\u00e1ra a je n\u00e1vrhom na uzavretie k\u00fapnej zmluvy.<\/p><\/li><li><p class=\"p1\">Po odoslan\u00ed kupuj\u00facemu pr\u00edde e-mail s potvrden\u00edm prijatia objedn\u00e1vky, \u010do nie je potvrden\u00edm uzavretia zmluvy.<\/p><\/li><li><p class=\"p1\">K\u00fapna zmluva vznik\u00e1 a\u017e prijat\u00edm objedn\u00e1vky pred\u00e1vaj\u00facim, a to e-mailom alebo SMS.<\/p><\/li><li><p class=\"p1\">Ak kupuj\u00faci neuhrad\u00ed vopred dohodnut\u00fa platbu (napr. z\u00e1lohu), pred\u00e1vaj\u00faci m\u00e1 pr\u00e1vo objedn\u00e1vku zru\u0161i\u0165.<\/p><\/li><li><p class=\"p1\">Ak pred\u00e1vaj\u00faci nem\u00f4\u017ee vybavi\u0165 objedn\u00e1vku (nedostupnos\u0165, v\u00fdpadok tovaru, chyba, vy\u0161\u0161ia moc), informuje o tom kupuj\u00faceho a objedn\u00e1vku zru\u0161\u00ed. Uhraden\u00e9 platby vr\u00e1ti do 14 dn\u00ed.<\/p><\/li><\/ol><p>\u00a0<\/p><p class=\"p3\"><b>\u010cL\u00c1NOK IV. - PLATOBN\u00c9 PODMIENKY<\/b><b><\/b><\/p><p class=\"p1\">Kupuj\u00faci m\u00f4\u017ee vyu\u017ei\u0165:<\/p><p class=\"p4\">\u00a0<\/p><ul><li><p class=\"p1\">platbu na dobierku,<\/p><\/li><li><p class=\"p1\">platbu kartou cez STRIPE,<\/p><\/li><li><p class=\"p1\">platbu v hotovosti na predajni,<\/p><\/li><li><p class=\"p1\">platbu na fakt\u00fauru so splatnos\u0165ou,<\/p><\/li><li><p class=\"p1\">platbu dar\u010dekov\u00fdm poukazom (hodnota a platnos\u0165 uveden\u00e9 na poukaze).<\/p><\/li><\/ul><p>\u00a0<\/p><p class=\"p1\">Z\u013eavy: za registr\u00e1ciu, opakovan\u00fd n\u00e1kup, z\u013eavov\u00fd kup\u00f3n. Nie je mo\u017en\u00e9 ich kombinova\u0165.<\/p><p class=\"p3\"><b>\u010cL\u00c1NOK V. - DODACIE PODMIENKY<\/b><b><\/b><\/p><p class=\"p4\">\u00a0<\/p><ol start=\"1\"><li><p class=\"p1\">Tovar bude dodan\u00fd do 30 dn\u00ed, ak nebolo dohodnut\u00e9 inak.<\/p><\/li><li><p class=\"p1\">Dodanie zabezpe\u010duje kuri\u00e9r 123Kuri\u00e9r alebo GLS, vlastn\u00e1 doprava alebo osobn\u00fd odber.<\/p><\/li><li><p class=\"p1\">Fakt\u00fara je zasielan\u00e1 elektronicky.<\/p><\/li><\/ol><p>\u00a0<\/p><p class=\"p3\"><b>\u010cL\u00c1NOK VI. - POPLATKY ZA DOPRAVU<\/b><b><\/b><\/p><p class=\"p4\">\u00a0<\/p><ol start=\"1\"><li><p class=\"p1\">Doru\u010denie kuri\u00e9rom od 4,90 \u20ac.<\/p><\/li><li><p class=\"p1\">Pri dobierke je cena dopravy 5,90 \u20ac.<\/p><\/li><li><p class=\"p1\">\u017diadne dodato\u010dn\u00e9 po\u0161tovn\u00e9 za rozdelenie objedn\u00e1vky sa ne\u00faktuju.<\/p><\/li><\/ol><p>\u00a0<\/p><p class=\"p3\"><b>\u010cL\u00c1NOK VII. - PREVOD VLASTN\u00cdCKEHO PR\u00c1VA<\/b><b><\/b><\/p><p class=\"p1\">Tovar prech\u00e1dza do vlastn\u00edctva kupuj\u00faceho prevzat\u00edm od dopravcu alebo pred\u00e1vaj\u00faceho.<\/p><p class=\"p3\"><b>\u010cL\u00c1NOK VIII. - STORNO OBJEDN\u00c1VKY<\/b><b><\/b><\/p><p class=\"p1\">Kupuj\u00faci m\u00f4\u017ee objedn\u00e1vku stornova\u0165 do 24 hod\u00edn od jej uzavretia. Je potrebn\u00e9 obozn\u00e1mi\u0165 e-shop do 24 hod\u00edn, emailom, alebo telefonicky.<br \/><br \/><b>\u010cL\u00c1NOK IX. - ODST\u00daPENIE OD ZMLUVY<\/b><b><\/b><\/p><p class=\"p4\">\u00a0<\/p><ol start=\"1\"><li><p class=\"p1\">Spotrebite\u013e m\u00e1 pr\u00e1vo odst\u00fapi\u0165 od zmluvy do 14 dn\u00ed od prevzatia tovaru, bez uvedenia d\u00f4vodu.<\/p><\/li><li><p class=\"p1\">Odst\u00fapenie mo\u017eno urobi\u0165 p\u00edsomne alebo e-mailom a zasla\u0165 ho na adresu pred\u00e1vaj\u00faceho.<\/p><\/li><li><p class=\"p1\">Tovar je potrebn\u00e9 doru\u010di\u0165 na adresu pred\u00e1vaj\u00faceho do 14 dn\u00ed od odst\u00fapenia.<\/p><\/li><li><p class=\"p1\">Tovar nezasielajte na dobierku.<\/p><\/li><li><p class=\"p1\">Pred\u00e1vaj\u00faci vr\u00e1ti kupuj\u00facemu zaplaten\u00fa sumu do 14 dn\u00ed od doru\u010denia odst\u00fapenia, najsk\u00f4r v\u0161ak po prijat\u00ed tovaru.<\/p><\/li><li><p class=\"p1\">Spotrebite\u013e nesie n\u00e1klady na v\u00e1tenie tovaru.<\/p><\/li><li><p class=\"p1\">Pr\u00e1vo na odst\u00fapenie sa nevz\u0165ahuje na v\u00fdnimky pod\u013ea \u00a77 ods. 6 Z\u00e1kona \u010d. 102\/2014 Z.z.<\/p><\/li><li><p class=\"p1\">Spotrebite\u013e zodpoved\u00e1 za zn\u00ed\u017eenie hodnoty tovaru v d\u00f4sledku zaobch\u00e1dzania nad r\u00e1mec potrebn\u00fd na zistenie vlastnost\u00ed.<\/p><\/li><\/ol><p>\u00a0<\/p><p class=\"p3\"><b>\u010cL\u00c1NOK X. - PR\u00c1VA A POVINNOSTI STR\u00c1N<\/b><b><\/b><\/p><p class=\"p1\">Kupuj\u00faci je povinn\u00fd:<\/p><p class=\"p4\">\u00a0<\/p><ul><li><p class=\"p1\">prevzia\u0165 tovar,<\/p><\/li><li><p class=\"p1\">zaplati\u0165 dohodnut\u00fa cenu,<\/p><\/li><li><p class=\"p1\">skontrolova\u0165 tovar pri prevzat\u00ed.<\/p><\/li><\/ul><p>\u00a0<\/p><p class=\"p1\">Pred\u00e1vaj\u00faci je povinn\u00fd:<\/p><p class=\"p4\">\u00a0<\/p><ul><li><p class=\"p1\">doda\u0165 tovar v dohodnutej kvalite a \u010das,<\/p><\/li><li><p class=\"p1\">prilo\u017ei\u0165 doklady k tovaru (fakt\u00fara, n\u00e1vod, reklama\u010dn\u00fd list).<\/p><\/li><\/ul><p>\u00a0<\/p><p class=\"p3\"><b>\u010cL\u00c1NOK XI. - OCHRANA OSOBN\u00ddCH \u00dajDAJOV A COOKIES<\/b><b><\/b><\/p><p class=\"p4\">\u00a0<\/p><ol start=\"1\"><li><p class=\"p1\">Spracovanie prebieha v s\u00falade so Z\u00e1konom \u010d. 18\/2018 Z.z. a GDPR.<\/p><\/li><li><p class=\"p1\">Osobn\u00e9 \u00fadaje s\u00fa sprac\u00favane len za \u00fa\u010delom vybavenia objedn\u00e1vky a marketingu (so s\u00fahlasom).<\/p><\/li><li><p class=\"p1\">Kupuj\u00faci potvrdzuje s\u00fahlas so spracovan\u00edm \u00fadajov cez cookie banner.<\/p><\/li><li><p class=\"p1\">Kupuj\u00faci m\u00e1 pr\u00e1vo na pr\u00edstup, opravu, vymazanie, obmedzenie, prenosnos\u0165, n\u00e1mietku a podnet dozorn\u00e9mu org\u00e1nu.<\/p><\/li><li><p class=\"p1\">Marketingov\u00e9 e-maily\/SMS s\u00fa zasielan\u00e9 len so s\u00fahlasom a mo\u017eno sa z nich kedyko\u013evek odhl\u00e1si\u0165.<\/p><\/li><\/ol><p>\u00a0<\/p><p class=\"p3\"><b>\u010cL\u00c1NOK XII. - N\u00c1HRADA \u0160KODY PRI NEPREVZAT\u00cd TOVARU<\/b><b><\/b><\/p><p class=\"p1\">Pred\u00e1vaj\u00faci m\u00e1 pr\u00e1vo na n\u00e1hradu n\u00e1kladov a u\u0161l\u00e9ho zisku, ak si kupuj\u00faci tovar neprevezme bez stornovania.<\/p><p class=\"p3\"><b>\u010cL\u00c1NOK XIII. - Z\u00c1VERE\u010cN\u00c9 USTANOVENIA<\/b><b><\/b><\/p><p class=\"p4\">\u00a0<\/p><ol start=\"1\"><li><p class=\"p1\">Pred\u00e1vaj\u00faci si vyhradzuje pr\u00e1vo meni\u0165 tieto podmienky.<\/p><\/li><li><p class=\"p1\">V\u0161etky spory rie\u0161i Slovensk\u00e1 obchodn\u00e1 in\u0161pekcia alebo in\u00e9 org\u00e1ny alternat\u00edvneho rie\u0161enia sporov. Mo\u017enos\u0165 rie\u0161i\u0165 online na http:\/\/ec.europa.eu\/consumers\/odr\/.<\/p><\/li><li><p class=\"p1\">Neoddelite\u013enou s\u00fa\u010das\u0165ou t\u00fdchto podmienok s\u00fa reklama\u010dn\u00e9 podmienky.<\/p><\/li><li><p class=\"p1\">Pr\u00e1vne vz\u0165ahy sa riadia pr\u00edslu\u0161n\u00fdmi pr\u00e1vnymi predpismi Slovenskej republiky.<\/p><\/li><li><p class=\"p1\">Tieto podmienky nadob\u00fadaj\u00fa \u00fa\u010dinnos\u0165 d\u0148om 1. 7. 2025.<\/p><\/li><\/ol><p>\u00a0<\/p><\/header>\n\t\t\t\t\t<\/div>\n\t\t\t\t\t\t<\/div>\n\t\t\t\t<\/div>\n\t\t\t\t\t<\/div>\n\t\t\t\t<\/div>\n\t\t\t\t<\/div>","protected":false},"excerpt":{"rendered":"<p>V\u0160EOBECN\u00c9 OBCHODN\u00c9 PODMIENKY INTERNETOV\u00c9HO OBCHODU SPEEDY BAITS (E-SHOP) Platn\u00e9 od: 1. j\u00fala 2025 \u010cL\u00c1NOK I. &#8211; VYMEDZENIE POJMOV \u00a0 Prev\u00e1dzkovate\u013eom<\/p>","protected":false},"author":2,"featured_media":0,"parent":0,"menu_order":0,"comment_status":"closed","ping_status":"closed","template":"","meta":{"advanced_seo_description":"","jetpack_seo_html_title":"","jetpack_seo_noindex":false,"footnotes":""},"class_list":["post-1515","page","type-page","status-publish","hentry"],"jetpack_sharing_enabled":true,"_links":{"self":[{"href":"https:\/\/speedybaits.sk\/cs\/wp-json\/wp\/v2\/pages\/1515","targetHints":{"allow":["GET"]}}],"collection":[{"href":"https:\/\/speedybaits.sk\/cs\/wp-json\/wp\/v2\/pages"}],"about":[{"href":"https:\/\/speedybaits.sk\/cs\/wp-json\/wp\/v2\/types\/page"}],"author":[{"embeddable":true,"href":"https:\/\/speedybaits.sk\/cs\/wp-json\/wp\/v2\/users\/2"}],"replies":[{"embeddable":true,"href":"https:\/\/speedybaits.sk\/cs\/wp-json\/wp\/v2\/comments?post=1515"}],"version-history":[{"count":0,"href":"https:\/\/speedybaits.sk\/cs\/wp-json\/wp\/v2\/pages\/1515\/revisions"}],"wp:attachment":[{"href":"https:\/\/speedybaits.sk\/cs\/wp-json\/wp\/v2\/media?parent=1515"}],"curies":[{"name":"wp","href":"https:\/\/api.w.org\/{rel}","templated":true}]}}