{"id":13,"date":"2025-06-16T14:58:37","date_gmt":"2025-06-16T14:58:37","guid":{"rendered":"https:\/\/speedybaits.sk\/?page_id=13"},"modified":"2025-06-16T17:37:35","modified_gmt":"2025-06-16T17:37:35","slug":"reklamacie","status":"publish","type":"page","link":"https:\/\/speedybaits.sk\/cs\/reklamacie\/","title":{"rendered":"Reklama\u010dn\u00ed \u0159\u00e1d"},"content":{"rendered":"<div data-elementor-type=\"wp-page\" data-elementor-id=\"13\" class=\"elementor elementor-13\" data-elementor-post-type=\"page\">\n\t\t\t\t<div class=\"wd-negative-gap elementor-element elementor-element-44efb565 e-flex e-con-boxed e-con e-parent\" data-id=\"44efb565\" data-element_type=\"container\" data-e-type=\"container\">\n\t\t\t\t\t<div class=\"e-con-inner\">\n\t\t\t\t<div class=\"elementor-element elementor-element-4d65f7e elementor-widget elementor-widget-wd_text_block\" data-id=\"4d65f7e\" data-element_type=\"widget\" data-e-type=\"widget\" data-widget_type=\"wd_text_block.default\">\n\t\t\t\t<div class=\"elementor-widget-container\">\n\t\t\t\t\t\t\t<div class=\"wd-text-block reset-last-child text-left\">\n\t\t\t\n\t\t\t<p><strong>Reklama\u010dn\u00e9 podmienky internetov\u00e9ho obchodu (e-shopu) - <\/strong>neoddelite\u013en\u00e1 s\u00fa\u010das\u0165 <span style=\"text-decoration: underline;\"><a href=\"https:\/\/speedybaits.sk\/cs\/obchone-podmienky\/\">v\u0161eobecn\u00fdch obchodn\u00fdch podmienok<\/a><\/span>.<\/p>\n<ol>\n<li>Reklamova\u0165 je mo\u017en\u00e9 len tovar, ktor\u00fd bol zak\u00fapen\u00fd u\u00a0pred\u00e1vaj\u00faceho a\u00a0ktor\u00fd je vlastn\u00edctvom spotrebite\u013ea.<\/li>\n<li>Ak kupuj\u00faci je spotrebite\u013e (fyzick\u00e1 osoba, ktor\u00e1 nekon\u00e1 v\u00a0r\u00e1mci predmetu svojej podnikate\u013eskej \u010dinnosti, zamestnania alebo povolania)\u00a0 na v\u0161etok pon\u00fakan\u00fd tovar sa poskytuje z\u00e1ruka v\u00a0trvan\u00ed 24 mesiacov, ak nie je pri tovare uveden\u00e9 inak a\u00a0postupuje sa v\u00a0zmysle Z\u00e1kona o\u00a0ochrane spotrebite\u013ea a\u00a0Ob\u010dianskeho z\u00e1konn\u00edka a\u00a0t\u00fdchto reklama\u010dn\u00fdch podmienok. Ak si kupuj\u00faci objednal pou\u017eit\u00fa vec a\u00a0bol o\u00a0tom kupuj\u00faci informovan\u00fd, z\u00e1ru\u010dn\u00e1 doba je 12 mesiacov. Ak kupuj\u00faci nie je spotrebite\u013eom, postupuje sa v\u00a0zmysle ustanoven\u00ed Obchodn\u00e9ho z\u00e1konn\u00edka a\u00a0z\u00e1ru\u010dn\u00e1 doba je 12 mesiacov a\u00a0na tieto reklam\u00e1cie sa nevz\u0165ahuj\u00fa tieto reklama\u010dn\u00e9 podmienky ale postupuje sa pod\u013ea Obchodn\u00e9ho z\u00e1konn\u00edka.<\/li>\n<li>Z\u00e1ru\u010dn\u00e1 doba za\u010d\u00edna plyn\u00fa\u0165 d\u0148om prevzatia tovaru od prepravnej spolo\u010dnosti alebo priamo od pred\u00e1vaj\u00faceho ak si tovar preber\u00e1 kupuj\u00faci osobne kupuj\u00faci alebo n\u00edm splnomocnen\u00e1 osoba, v\u00a0de\u0148 jeho prevzatia.<\/li>\n<li>Kupuj\u00faci je povinn\u00fd reklam\u00e1ciu uplatni\u0165 bezodkladne u\u00a0pred\u00e1vaj\u00faceho, a\u00a0to hne\u010f po zisten\u00ed vady.<\/li>\n<li>Zodpovednos\u0165 za vady sa nevz\u0165ahuje na vady sp\u00f4soben\u00e9 nasledovn\u00fdm u\u017e\u00edvan\u00edm:\n<ol>\n<li>k\u00a0vade do\u0161lo mechanick\u00fdm po\u0161koden\u00edm v\u00fdrobku sp\u00f4soben\u00fdm kupuj\u00facim,<\/li>\n<li>nespr\u00e1vnym zaobch\u00e1dzan\u00edm s\u00a0v\u00fdrobkom, sp\u00f4sobom in\u00fdm ako bol uveden\u00fd v\u00a0n\u00e1vode na pou\u017e\u00edvanie,<\/li>\n<li>pou\u017e\u00edvan\u00edm tovaru v\u00a0podmienkach, ktor\u00e9 neodpovedaj\u00fa svojou vlhkos\u0165ou, chemick\u00fdmi a\u00a0mechanick\u00fdmi vplyvmi prirodzen\u00e9ho prostrediu tovaru pod\u013ea n\u00e1vodu na pou\u017e\u00edvanie,<\/li>\n<li>zanedban\u00edm starostlivosti a\u00a0\u00fadr\u017eby o\u00a0tovar,<\/li>\n<li>po\u0161koden\u00edm tovaru nadmern\u00fdm za\u0165a\u017eovan\u00edm,<\/li>\n<li>po\u0161koden\u00edm z\u00e1ru\u010dnej plomby alebo jej znehodnoten\u00edm ak ju produkt obsahuje,<\/li>\n<li>neodbornou mont\u00e1\u017eou alebo demont\u00e1\u017eou, ak\u00a0 si to vy\u017eaduj\u00fa pr\u00edslu\u0161n\u00e9 pr\u00e1vne predpisy,<\/li>\n<li>z\u00e1sahom do produktu, ktor\u00fdm sa vykonaj\u00fa zmeny, ktor\u00e9 kvalitat\u00edvne zlep\u0161uj\u00fa produkt ale neboli vykonan\u00e9 v\u00fdrobcom alebo n\u00edm poverenou osobou, napr. pretaktovanie procesoru,<\/li>\n<li>pou\u017e\u00edvan\u00edm tovaru v\u00a0rozpore s\u00a0podmienkami uveden\u00fdmi v\u00a0dokument\u00e1cii, v\u0161eobecn\u00fdmi z\u00e1sadami, technick\u00fdmi normami alebo bezpe\u010dnostn\u00fdmi predpismi alebo in\u00fdm poru\u0161en\u00edm z\u00e1ru\u010dn\u00fdch podmienok.<\/li>\n<\/ol>\n<\/li>\n<li>Zo zodpovednosti za vady s\u00fa taktie\u017e vy\u0148at\u00e9 vady, ktor\u00e9 vznikli pri \u017eivelnej pohrome.<\/li>\n<li>Zodpovednos\u0165 za vady sa nevz\u0165ahuje taktie\u017e i\u00a0na be\u017en\u00e9 opotrebenie tovaru (alebo jeho \u010dasti) sp\u00f4soben\u00e9 pou\u017e\u00edvan\u00edm tovaru. Za vadu nie je mo\u017en\u00e9 pova\u017eova\u0165, ako vypl\u00fdva u\u017e z\u00a0povahy veci doba jej minim\u00e1lnej trvanlivosti alebo doba spotreby, ktor\u00e1 m\u00f4\u017ee by\u0165 obmedzen\u00e1 na krat\u0161\u00ed \u010das. Doba minim\u00e1lnej trvanlivosti, doba pou\u017eite\u013enosti, doba spotreby alebo obdobn\u00e1 doba je uveden\u00e1 na tovare ak tak\u00e9muto ozna\u010deniu tovar podlieha.<\/li>\n<li>Reklamovan\u00fd tovar je potrebn\u00e9 zasla\u0165 na na\u0161u adresu uveden\u00fa ni\u017e\u0161ie av\u0161ak nie na dobierku alebo osobne donies\u0165 na kontaktn\u00fa adresu. Tovar je potrebn\u00e9 vhodne zabali\u0165, aby po\u010das prepravy nedo\u0161lo k\u00a0po\u0161kodeniu tovaru a\u00a0odpor\u00fa\u010dame tovar zasla\u0165 doporu\u010dene, pr\u00edpadne ako poisten\u00fa z\u00e1sielku. K\u00a0tovaru je potrebn\u00e9 pripoji\u0165 k\u00f3piu dokladu o\u00a0k\u00fape (fakt\u00faru) a\u00a0popis vady Reklam\u00e1ciu odpor\u00fa\u010dame zasla\u0165 v\u00fdhradne p\u00edsomne (po\u0161tou) alebo osobne (nie formou e-mailu).<\/li>\n<li>Ak predmetom reklam\u00e1cie je tovar, ktor\u00fd je napr\u00edklad pevne zabudovan\u00fd, kupuj\u00faci je povinn\u00fd poskytn\u00fa\u0165 maxim\u00e1lnu s\u00fa\u010dinnos\u0165 za \u00fa\u010delom vykonania obhliadky predmetu reklam\u00e1cie pred\u00e1vaj\u00facim alebo tre\u0165ou osobou ur\u010denou pred\u00e1vaj\u00facim.<\/li>\n<li>Pred\u00e1vaj\u00faci potvrd\u00ed prijatie reklam\u00e1cie a\u00a0vyd\u00e1 kupuj\u00facemu potvrdenie o\u00a0uplatnen\u00ed reklam\u00e1cie tovaru vo vhodnej forme. Za de\u0148 uplatnenia reklam\u00e1cie sa pova\u017euje de\u0148 jej doru\u010denia pred\u00e1vaj\u00facemu, najnesk\u00f4r v\u0161ak momentom, kedy pred\u00e1vaj\u00faci znemo\u017en\u00ed alebo zabr\u00e1ni prevzatiu predmetu reklam\u00e1cie. Ak nie je mo\u017en\u00e9 potvrdenie doru\u010di\u0165 ihne\u010f, mus\u00ed sa doru\u010di\u0165 bez zbyto\u010dn\u00e9ho odkladu, najnesk\u00f4r v\u0161ak spolu s\u00a0dokladom o\u00a0vybaven\u00ed reklam\u00e1cie. Potvrdenie o\u00a0vybaven\u00ed reklam\u00e1cie bude zaslan\u00e9 p\u00edsomne.<\/li>\n<li>Pred\u00e1vaj\u00faci je povinn\u00fd ur\u010di\u0165 sp\u00f4sob vybavenia reklam\u00e1cie ihne\u010f, v\u00a0zlo\u017eit\u00fdch pr\u00edpadoch do 3 dn\u00ed odo d\u0148a uplatnenia reklam\u00e1cie. V\u00a0od\u00f4vodnen\u00fdch pr\u00edpadoch, najm\u00e4 ak sa vy\u017eaduje zlo\u017eit\u00e9 technick\u00e9 zhodnotenie tovaru najnesk\u00f4r do 30 dni odo d\u0148a uplatnenia reklam\u00e1cie. Po ur\u010den\u00ed sp\u00f4sobu vybavenia reklam\u00e1cie vybav\u00ed reklam\u00e1ciu pred\u00e1vaj\u00faci ihne\u010f, v\u00a0od\u00f4vodnen\u00fdch pr\u00edpadoch mo\u017eno reklam\u00e1ciu vybavi\u0165 aj nesk\u00f4r. Vybavenie reklam\u00e1cie v\u0161ak nesmie by\u0165 dlh\u0161ie ako 30 dn\u00ed odo d\u0148a uplatnenia reklam\u00e1cie. Po uplynut\u00ed 30 d\u0148ovej lehoty na vybavenie reklam\u00e1cie ma kupuj\u00faci pr\u00e1vo odst\u00fapi\u0165 od k\u00fapnej zmluvy a\u00a0bude mu vr\u00e1ten\u00e1 pln\u00e1 suma za tovar alebo m\u00e1 pr\u00e1vo na v\u00fdmenu tovaru za nov\u00fd.<\/li>\n<li>Pr\u00e1va kupuj\u00faceho pri uplat\u0148ovan\u00ed reklam\u00e1cie:\n<ol>\n<li>ak ide o\u00a0vadu, ktor\u00fa mo\u017eno odstr\u00e1ni\u0165, m\u00e1 kupuj\u00faci pr\u00e1vo, aby t\u00e1to bola bezodplatne, v\u010das a\u00a0riadne odstr\u00e1nen\u00e1, pri\u010dom t\u00e1to vada mus\u00ed by\u0165 odstr\u00e1nen\u00e1 bez zbyto\u010dn\u00e9ho odkladu,<\/li>\n<li>kupuj\u00faci m\u00f4\u017ee namiesto odstr\u00e1nenia vady po\u017eadova\u0165 v\u00fdmenu veci, alebo sa vada t\u00fdka len s\u00fa\u010dasti veci, v\u00fdmenu s\u00fa\u010dasti ak t\u00fdm pred\u00e1vaj\u00facemu nevznikn\u00fa neprimeran\u00e9 n\u00e1klady vzh\u013eadom na cenu tovaru alebo z\u00e1va\u017enos\u0165 vady,<\/li>\n<li>pred\u00e1vaj\u00faci m\u00f4\u017ee namiesto odstr\u00e1nenia vady vymeni\u0165 vadn\u00fa vec za bezvadn\u00fa vec, ak to kupuj\u00facemu nesp\u00f4sob\u00ed z\u00e1va\u017en\u00e9 \u0165a\u017ekosti,<\/li>\n<li>ak ide o\u00a0vadu, ktor\u00fa nemo\u017eno odstr\u00e1ni\u0165 a\u00a0ktor\u00e1 br\u00e1ni riadnemu pou\u017e\u00edvaniu veci m\u00e1 kupuj\u00faci pr\u00e1vo na v\u00fdmenu veci alebo na odst\u00fapenie od zmluvy. Tak\u00e9 ist\u00e9 pr\u00e1vo ma kupuj\u00faci v\u00a0pr\u00edpade ak s\u00edce ide o\u00a0odstr\u00e1nite\u013en\u00e9 vady, ak v\u0161ak kupuj\u00faci nem\u00f4\u017ee pre op\u00e4tovn\u00e9 vyskytnutie sa vady po oprave alebo pre v\u00e4\u010d\u0161\u00ed po\u010det v\u00e1d vec riadne u\u017e\u00edva\u0165,<\/li>\n<li>ak ide o\u00a0in\u00e9 neodstr\u00e1nite\u013en\u00e9 vady, ktor\u00e9 v\u0161ak nebr\u00e1nia pou\u017e\u00edvaniu tovaru, m\u00e1 kupuj\u00faci pr\u00e1vo na primeran\u00fa z\u013eavu z\u00a0ceny veci.<\/li>\n<\/ol>\n<\/li>\n<li>Reklam\u00e1cia sa pova\u017euje za vybaven\u00fa, ak sa skon\u010d\u00ed reklama\u010dn\u00e9 konanie odovzdan\u00edm reklamovan\u00e9ho tovaru, jeho v\u00fdmenou alebo vr\u00e1ten\u00edm k\u00fapnej ceny tovaru, poskytnut\u00edm z\u013eavy, p\u00edsomnou v\u00fdzvou na prevzatie plnenia alebo jej od\u00f4vodnen\u00e9 zamietnutie, pri\u010dom kupuj\u00faci potvrdzuje osobn\u00e9 prevzatie resp. je dokladom aj potvrdenie prepravn\u00e9ho podniku v\u00a0pr\u00edpade ak kupuj\u00faci osobne nepreber\u00e1 reklam\u00e1ciu..<\/li>\n<li>O\u00a0v\u00fdsledku reklama\u010dn\u00e9ho konania je spotrebite\u013e informovan\u00fd v\u00a0z\u00e1konnej lehote.\u00a0<\/li>\n<li>Nepo\u0161kodenie tovaru, resp. neporu\u0161enos\u0165 obalu (pod\u013ea pokynov pri preberan\u00ed tovaru) je potrebn\u00e9 skontrolova\u0165 pri preberan\u00ed tovaru, nako\u013eko sa tovar pri preprave m\u00f4\u017ee po\u0161kodi\u0165. Odpor\u00fa\u010dame kupuj\u00facim rozbali\u0165 tovar a\u00a0prezrie\u0165 si ho v\u00a0pr\u00edtomnosti dopravcu. Va\u0161\u00edm podpisom kuri\u00e9rovi prehlasujete, \u017ee obal je nepo\u0161koden\u00fd.<\/li>\n<li>Tieto reklama\u010dn\u00e9 podmienky s\u00fa neoddelite\u013enou s\u00fa\u010das\u0165ou v\u0161eobecn\u00fdch obchodn\u00fdch podmienok, a\u00a0pred\u00e1vaj\u00faci si vyhradzuje pr\u00e1vo ich kedyko\u013evek meni\u0165 aj bez predch\u00e1dzaj\u00faceho upozornenia pred\u00e1vaj\u00faceho.<\/li>\n<li>Kontakt pre zasielanie reklam\u00e1ci\u00ed\u00a0<strong>SPEEDYBAITS s.r.o.,\u00a0<\/strong><strong><strong>Pod Papier\u0148ou 33\/06, 08501 BARDEJOV\n<p><\/strong><\/strong><\/p>\n<p>\u00a0Tento reklama\u010dn\u00fd poriadok nadob\u00fada platnos\u0165 d\u0148om jeho zverejnenia na na\u0161ej webovej str\u00e1nke, 01.06.2024<br \/>\u2013 Vyhradzujeme si pr\u00e1vo na zmeny a \u00fapravy tohto reklama\u010dn\u00e9ho poriadku, pri\u010dom nov\u00e9 podmienky bud\u00fa v\u017edy zverejnen\u00e9 na na\u0161om webe.<\/p>\n<p>V pr\u00edpade ak\u00fdchko\u013evek ot\u00e1zok oh\u013eadom reklam\u00e1ci\u00ed n\u00e1s nev\u00e1hajte kontaktova\u0165. Sme tu, aby sme v\u00e1m pomohli.<\/p>\n<p><\/p>\n<\/li>\n<\/ol>\n\n\t\t\t\t\t<\/div>\n\t\t\t\t\t\t<\/div>\n\t\t\t\t<\/div>\n\t\t\t\t<div class=\"elementor-element elementor-element-224f012c color-scheme-inherit text-left elementor-widget elementor-widget-text-editor\" data-id=\"224f012c\" data-element_type=\"widget\" data-e-type=\"widget\" data-widget_type=\"text-editor.default\">\n\t\t\t\t<div class=\"elementor-widget-container\">\n\t\t\t\t\t\t\t\t\t\n<p><b>This is a sample page.<\/b><\/p>\n\n<h2 class=\"wp-block-heading\">\u00a0<\/h2>\n\n<p>\u00a0<\/p>\n\t\t\t\t\t\t\t\t<\/div>\n\t\t\t\t<\/div>\n\t\t\t\t\t<\/div>\n\t\t\t\t<\/div>\n\t\t<div class=\"wd-negative-gap elementor-element elementor-element-6e67629 e-flex e-con-boxed e-con e-parent\" data-id=\"6e67629\" data-element_type=\"container\" data-e-type=\"container\">\n\t\t\t\t\t<div class=\"e-con-inner\">\n\t\t\t\t\t<\/div>\n\t\t\t\t<\/div>\n\t\t\t\t<\/div>","protected":false},"excerpt":{"rendered":"<p>Reklama\u010dn\u00e9 podmienky internetov\u00e9ho obchodu (e-shopu) &#8211; neoddelite\u013en\u00e1 s\u00fa\u010das\u0165 v\u0161eobecn\u00fdch obchodn\u00fdch podmienok. Reklamova\u0165 je mo\u017en\u00e9 len tovar, ktor\u00fd bol zak\u00fapen\u00fd u\u00a0pred\u00e1vaj\u00faceho<\/p>","protected":false},"author":1,"featured_media":0,"parent":0,"menu_order":0,"comment_status":"closed","ping_status":"closed","template":"","meta":{"advanced_seo_description":"","jetpack_seo_html_title":"","jetpack_seo_noindex":false,"footnotes":""},"class_list":["post-13","page","type-page","status-publish","hentry"],"jetpack_sharing_enabled":true,"_links":{"self":[{"href":"https:\/\/speedybaits.sk\/cs\/wp-json\/wp\/v2\/pages\/13","targetHints":{"allow":["GET"]}}],"collection":[{"href":"https:\/\/speedybaits.sk\/cs\/wp-json\/wp\/v2\/pages"}],"about":[{"href":"https:\/\/speedybaits.sk\/cs\/wp-json\/wp\/v2\/types\/page"}],"author":[{"embeddable":true,"href":"https:\/\/speedybaits.sk\/cs\/wp-json\/wp\/v2\/users\/1"}],"replies":[{"embeddable":true,"href":"https:\/\/speedybaits.sk\/cs\/wp-json\/wp\/v2\/comments?post=13"}],"version-history":[{"count":0,"href":"https:\/\/speedybaits.sk\/cs\/wp-json\/wp\/v2\/pages\/13\/revisions"}],"wp:attachment":[{"href":"https:\/\/speedybaits.sk\/cs\/wp-json\/wp\/v2\/media?parent=13"}],"curies":[{"name":"wp","href":"https:\/\/api.w.org\/{rel}","templated":true}]}}